{"id":56,"date":"2017-03-23T11:13:10","date_gmt":"2017-03-23T10:13:10","guid":{"rendered":"https:\/\/www.perezsala.com\/about-us-2\/"},"modified":"2025-03-05T16:31:43","modified_gmt":"2025-03-05T15:31:43","slug":"sobre-nosotros","status":"publish","type":"page","link":"https:\/\/www.perezsala.com\/en\/sobre-nosotros\/","title":{"rendered":"About us"},"content":{"rendered":"<!--themify_builder_content-->\n<div id=\"themify_builder_content-56\" data-postid=\"56\" class=\"themify_builder_content themify_builder_content-56 themify_builder tf_clear\">\n                    <div  data-css_id=\"qpie943\" data-lazy=\"1\" class=\"module_row themify_builder_row vertical-divider row-newsletter input-bg-white fullwidth tb_qpie943 tb_first tf_w\">\n            <span class=\"builder_row_cover tf_abs\"><\/span>            <div class=\"row_inner col_align_top tb_col_count_1 tf_box tf_rel\">\n                        <div  data-lazy=\"1\" class=\"module_column tb-column col-full tb_9dmy990 first\">\n                    <!-- module fancy heading -->\n<div  class=\"module module-fancy-heading tb_1vng009\" data-lazy=\"1\">\n        <h1 class=\"fancy-heading tf_textc\">\n    <span class=\"main-head tf_block\">\n                                <\/span>\n\n    \n    <span class=\"sub-head tf_block tf_rel\">\n                    About us            <\/span>\n    <\/h1>\n<\/div>\n<!-- \/module fancy heading -->\n        <\/div>\n                        <\/div>\n        <\/div>\n                        <div  data-lazy=\"1\" class=\"module_row themify_builder_row tb_q9tl951 tf_w\">\n                        <div class=\"row_inner col_align_top tb_col_count_3 tf_box tf_rel\">\n                        <div  data-lazy=\"1\" class=\"module_column tb-column col3-1 tb_kn74979 first\">\n                    <!-- module text -->\n<div  class=\"module module-text tb_kb48000 dropcap  tb_text_dropcap\" data-lazy=\"1\">\n        <div  class=\"tb_text_wrap\">\n        <p>Allianz insurance and investment broker. MIFIDii financial advisor accredited by the CNMV. Allianz EXTATS Agency. Member of the College of Insurance Mediators of Alicante.<\/p>    <\/div>\n<\/div>\n<!-- \/module text --><!-- module buttons -->\n<div  class=\"module module-buttons tb_v268590 buttons-horizontal solid  large\" data-lazy=\"1\">\n        <div class=\"module-buttons-item tf_in_flx\">\n                        <a href=\"\/en\/servicios\/\" class=\"ui builder_button tf_in_flx brown\" >\n                                                Services                                        <\/a>\n                <\/div>\n            <\/div>\n<!-- \/module buttons -->\n        <\/div>\n                    <div  data-lazy=\"1\" class=\"module_column tb-column col3-1 tb_madu050\">\n                    <!-- module image -->\n<div  class=\"module module-image tb_i5th937 image-top circle  tf_mw\" data-lazy=\"1\">\n        <div class=\"image-wrap tf_rel tf_mw\">\n            <img loading=\"lazy\" decoding=\"async\" src=\"https:\/\/www.perezsala.com\/wp-content\/uploads\/2025\/02\/mariangeles-1024x768-300x300.jpg\" width=\"300\" height=\"300\" class=\"wp-post-image wp-image-430\" title=\"mariangeles\" alt=\"mariangeles\" srcset=\"https:\/\/www.perezsala.com\/wp-content\/uploads\/2025\/02\/mariangeles-1024x768-300x300.jpg 300w, https:\/\/www.perezsala.com\/wp-content\/uploads\/2025\/02\/mariangeles-150x150.jpg 150w\" sizes=\"auto, (max-width: 300px) 100vw, 300px\" \/>    \n        <\/div>\n    <!-- \/image-wrap -->\n    \n        <\/div>\n<!-- \/module image --><!-- module text -->\n<div  class=\"module module-text tb_ygqz909\" data-lazy=\"1\">\n        <div  class=\"tb_text_wrap\">\n        <p style=\"text-align: justify;\">My name is Mar\u00eda \u00c1ngeles P\u00e9rez Sala. I work as a financial agent for Allianz Investment Solutions. I have been working for years to offer my clients the best solutions to manage their savings and wealth, as well as the best insurance solutions, so that they only have to worry about enjoying and living with peace of mind.<\/p>    <\/div>\n<\/div>\n<!-- \/module text -->        <\/div>\n                    <div  data-lazy=\"1\" class=\"module_column tb-column col3-1 tb_i1dq855 last\">\n                    <!-- module text -->\n<div  class=\"module module-text tb_dz6r999\" data-lazy=\"1\">\n        <div  class=\"tb_text_wrap\">\n        <p style=\"text-align: justify;\">With a solid experience in the sector, through Mar\u00eda \u00c1ngeles P\u00e9rez Sala Seguros, we offer personalised solutions so that our clients find in us their trusted agent and the security and peace of mind that they deserve, thanks to the experience of having been offering solutions to my clients since 2004.<\/p>\n<p style=\"text-align: justify;\">If you are looking to protect your assets or make financial planning for a more or less distant horizon, we can advise you professionally and closely.<\/p>\n<p style=\"text-align: justify;\">Contact us without obligation to receive a tailor-made offer adapted to your specific needs. Our top priority is your satisfaction and your safety, and we work for that. Discover all the services we can offer you.<\/p>\n    <\/div>\n<\/div>\n<!-- \/module text -->        <\/div>\n                        <\/div>\n        <\/div>\n                        <div  data-css_id=\"q862119\" data-lazy=\"1\" class=\"module_row themify_builder_row about-team fullwidth tb_q862119 tf_w\">\n                        <div class=\"row_inner col_align_top tb_col_count_1 tf_box tf_rel\">\n                        <div  data-lazy=\"1\" class=\"module_column tb-column col-full tb_9lix510 first\">\n                    <!-- module fancy heading -->\n<div  class=\"module module-fancy-heading tb_ueye041\" data-lazy=\"1\">\n        <h1 class=\"fancy-heading tf_textc\">\n    <span class=\"main-head tf_block\">\n                    Would you like to receive personalised advice?            <\/span>\n\n    \n    <span class=\"sub-head tf_block tf_rel\">\n                    Shall we talk?            <\/span>\n    <\/h1>\n<\/div>\n<!-- \/module fancy heading -->\n<!-- module buttons -->\n<div  class=\"module module-buttons tb_5awi110 buttons-horizontal solid\" data-lazy=\"1\">\n        <div class=\"module-buttons-item tf_in_flx\">\n                        <a href=\"\/en\/contacto\/\" class=\"ui builder_button tf_in_flx brown\" >\n                                                Contact me                                        <\/a>\n                <\/div>\n            <\/div>\n<!-- \/module buttons -->\n        <\/div>\n                        <\/div>\n        <\/div>\n                        <div  data-lazy=\"1\" class=\"module_row themify_builder_row tb_vjkw900 tf_w\">\n                        <div class=\"row_inner col_align_top tb_col_count_2 tf_box tf_rel\">\n                        <div  data-lazy=\"1\" class=\"module_column tb-column col4-2 tb_9tnx900 first\">\n                    <!-- module text -->\n<div  class=\"module module-text tb_5m2q900 dropcap  tb_text_dropcap\" data-lazy=\"1\">\n        <div  class=\"tb_text_wrap\">\n        <p>We are EXPATS agency<\/p>    <\/div>\n<\/div>\n<!-- \/module text --><!-- module text -->\n<div  class=\"module module-text tb_rme8900\" data-lazy=\"1\">\n        <div  class=\"tb_text_wrap\">\n        <p style=\"text-align: justify;\">At Mar\u00eda \u00c1ngeles P\u00e9rez Sala Seguros you can count on the advice of <span style=\"font-weight: bold;\">two graduate officers<\/span>. Both myself and my partner <span style=\"font-weight: bold;\">V\u00edctor Garre Mora<\/span> we will be happy to assist you. In addition, from 2023 we have become an Allianz Agency for EXPATS.<\/p>\n<div style=\"text-align: justify;\"><\/div>\n<div style=\"text-align: justify;\">I am also a member of the College of Insurance Mediators of Alicante. Having a member insurance intermediary is a guarantee of quality and service when it comes to processing any procedure for our clients. Discover everything we can offer you at Mar\u00eda \u00c1ngeles P\u00e9rez Sala Seguros.<\/div>\n    <\/div>\n<\/div>\n<!-- \/module text -->        <\/div>\n                    <div  data-lazy=\"1\" class=\"module_column tb-column col4-2 tb_yr8f900 last\">\n                    <!-- module image -->\n<div  class=\"module module-image tb_vsg0900 image-top   tf_mw\" data-lazy=\"1\">\n        <div class=\"image-wrap tf_rel tf_mw\">\n            <img loading=\"lazy\" decoding=\"async\" width=\"1127\" height=\"740\" src=\"https:\/\/www.perezsala.com\/wp-content\/uploads\/2025\/02\/victor-maria-angeles.jpg\" class=\"wp-post-image wp-image-472\" title=\"victor-maria-angeles\" alt=\"victor-maria-angeles\" srcset=\"https:\/\/www.perezsala.com\/wp-content\/uploads\/2025\/02\/victor-maria-angeles.jpg 1127w, https:\/\/www.perezsala.com\/wp-content\/uploads\/2025\/02\/victor-maria-angeles-300x197.jpg 300w, https:\/\/www.perezsala.com\/wp-content\/uploads\/2025\/02\/victor-maria-angeles-1024x672.jpg 1024w, https:\/\/www.perezsala.com\/wp-content\/uploads\/2025\/02\/victor-maria-angeles-768x504.jpg 768w, https:\/\/www.perezsala.com\/wp-content\/uploads\/2025\/02\/victor-maria-angeles-18x12.jpg 18w\" sizes=\"auto, (max-width: 1127px) 100vw, 1127px\" \/>    \n        <\/div>\n    <!-- \/image-wrap -->\n    \n        <\/div>\n<!-- \/module image -->        <\/div>\n                        <\/div>\n        <\/div>\n        <\/div>\n<!--\/themify_builder_content-->","protected":false},"excerpt":{"rendered":"<p>Allianz insurance and investment broker. MIFIDii financial advisor accredited by the CNMV. Allianz EXTATS Agency. Member of the College of Insurance Mediators of Alicante.<\/p>","protected":false},"author":1,"featured_media":0,"parent":0,"menu_order":0,"comment_status":"closed","ping_status":"closed","template":"","meta":{"_joinchat":[],"footnotes":""},"class_list":["post-56","page","type-page","status-publish","hentry","has-post-title","has-post-date","has-post-category","has-post-tag","has-post-comment","has-post-author",""],"yoast_head":"<!-- This site is optimized with the Yoast SEO plugin v27.3 - https:\/\/yoast.com\/product\/yoast-seo-wordpress\/ -->\n<title>Mar\u00eda \u00c1ngeles P\u00e9rez Sala | Agente Allianz San Miguel de Salinas<\/title>\n<meta name=\"description\" content=\"Mar\u00eda \u00c1ngeles P\u00e9rez Sala. Agente financiera en Allianz Soluciones de Inversi\u00f3n. Titulada MIFID II y registrada en la CNMV.\" \/>\n<meta name=\"robots\" content=\"index, follow, max-snippet:-1, max-image-preview:large, max-video-preview:-1\" \/>\n<link rel=\"canonical\" href=\"https:\/\/www.perezsala.com\/en\/sobre-nosotros\/\" \/>\n<meta property=\"og:locale\" content=\"en_GB\" \/>\n<meta property=\"og:type\" content=\"article\" \/>\n<meta property=\"og:title\" content=\"Mar\u00eda \u00c1ngeles P\u00e9rez Sala | Agente Allianz San Miguel de Salinas\" \/>\n<meta property=\"og:description\" content=\"Mar\u00eda \u00c1ngeles P\u00e9rez Sala. Agente financiera en Allianz Soluciones de Inversi\u00f3n. Titulada MIFID II y registrada en la CNMV.\" \/>\n<meta property=\"og:url\" content=\"https:\/\/www.perezsala.com\/en\/sobre-nosotros\/\" \/>\n<meta property=\"og:site_name\" content=\"Mar\u00eda \u00c1ngeles P\u00e9rez Sala\" \/>\n<meta property=\"article:modified_time\" content=\"2025-03-05T15:31:43+00:00\" \/>\n<meta property=\"og:image\" content=\"https:\/\/www.perezsala.com\/wp-content\/uploads\/2025\/02\/mariangeles-scaled.jpg\" \/>\n\t<meta property=\"og:image:width\" content=\"2560\" \/>\n\t<meta property=\"og:image:height\" content=\"1920\" \/>\n\t<meta property=\"og:image:type\" content=\"image\/jpeg\" \/>\n<meta name=\"twitter:card\" content=\"summary_large_image\" \/>\n<meta name=\"twitter:label1\" content=\"Estimated reading time\" \/>\n\t<meta name=\"twitter:data1\" content=\"4 minutes\" \/>\n<script type=\"application\/ld+json\" class=\"yoast-schema-graph\">{\"@context\":\"https:\\\/\\\/schema.org\",\"@graph\":[{\"@type\":\"WebPage\",\"@id\":\"https:\\\/\\\/www.perezsala.com\\\/sobre-nosotros\\\/\",\"url\":\"https:\\\/\\\/www.perezsala.com\\\/sobre-nosotros\\\/\",\"name\":\"Mar\u00eda \u00c1ngeles P\u00e9rez Sala | Agente Allianz San Miguel de Salinas\",\"isPartOf\":{\"@id\":\"https:\\\/\\\/www.perezsala.com\\\/#website\"},\"primaryImageOfPage\":{\"@id\":\"https:\\\/\\\/www.perezsala.com\\\/sobre-nosotros\\\/#primaryimage\"},\"image\":{\"@id\":\"https:\\\/\\\/www.perezsala.com\\\/sobre-nosotros\\\/#primaryimage\"},\"thumbnailUrl\":\"https:\\\/\\\/www.perezsala.com\\\/wp-content\\\/uploads\\\/2025\\\/02\\\/mariangeles-1024x768-300x300.jpg\",\"datePublished\":\"2017-03-23T10:13:10+00:00\",\"dateModified\":\"2025-03-05T15:31:43+00:00\",\"description\":\"Mar\u00eda \u00c1ngeles P\u00e9rez Sala. Agente financiera en Allianz Soluciones de Inversi\u00f3n. Titulada MIFID II y registrada en la CNMV.\",\"breadcrumb\":{\"@id\":\"https:\\\/\\\/www.perezsala.com\\\/sobre-nosotros\\\/#breadcrumb\"},\"inLanguage\":\"en-GB\",\"potentialAction\":[{\"@type\":\"ReadAction\",\"target\":[\"https:\\\/\\\/www.perezsala.com\\\/sobre-nosotros\\\/\"]}]},{\"@type\":\"ImageObject\",\"inLanguage\":\"en-GB\",\"@id\":\"https:\\\/\\\/www.perezsala.com\\\/sobre-nosotros\\\/#primaryimage\",\"url\":\"https:\\\/\\\/www.perezsala.com\\\/wp-content\\\/uploads\\\/2025\\\/02\\\/mariangeles-1024x768-300x300.jpg\",\"contentUrl\":\"https:\\\/\\\/www.perezsala.com\\\/wp-content\\\/uploads\\\/2025\\\/02\\\/mariangeles-1024x768-300x300.jpg\"},{\"@type\":\"BreadcrumbList\",\"@id\":\"https:\\\/\\\/www.perezsala.com\\\/sobre-nosotros\\\/#breadcrumb\",\"itemListElement\":[{\"@type\":\"ListItem\",\"position\":1,\"name\":\"Portada\",\"item\":\"https:\\\/\\\/www.perezsala.com\\\/\"},{\"@type\":\"ListItem\",\"position\":2,\"name\":\"Sobre nosotros\"}]},{\"@type\":\"WebSite\",\"@id\":\"https:\\\/\\\/www.perezsala.com\\\/#website\",\"url\":\"https:\\\/\\\/www.perezsala.com\\\/\",\"name\":\"Mar\u00eda \u00c1ngeles P\u00e9rez Sala\",\"description\":\"Allianz Seguros\",\"potentialAction\":[{\"@type\":\"SearchAction\",\"target\":{\"@type\":\"EntryPoint\",\"urlTemplate\":\"https:\\\/\\\/www.perezsala.com\\\/?s={search_term_string}\"},\"query-input\":{\"@type\":\"PropertyValueSpecification\",\"valueRequired\":true,\"valueName\":\"search_term_string\"}}],\"inLanguage\":\"en-GB\"}]}<\/script>\n<!-- \/ Yoast SEO plugin. -->","yoast_head_json":{"title":"Mar\u00eda \u00c1ngeles P\u00e9rez Sala | Agent Allianz San Miguel de Salinas","description":"Mar\u00eda \u00c1ngeles P\u00e9rez Sala. Financial Agent at Allianz Investment Solutions. MIFID II qualified and registered with the CNMV.","robots":{"index":"index","follow":"follow","max-snippet":"max-snippet:-1","max-image-preview":"max-image-preview:large","max-video-preview":"max-video-preview:-1"},"canonical":"https:\/\/www.perezsala.com\/en\/sobre-nosotros\/","og_locale":"en_GB","og_type":"article","og_title":"Mar\u00eda \u00c1ngeles P\u00e9rez Sala | Agente Allianz San Miguel de Salinas","og_description":"Mar\u00eda \u00c1ngeles P\u00e9rez Sala. Agente financiera en Allianz Soluciones de Inversi\u00f3n. Titulada MIFID II y registrada en la CNMV.","og_url":"https:\/\/www.perezsala.com\/en\/sobre-nosotros\/","og_site_name":"Mar\u00eda \u00c1ngeles P\u00e9rez Sala","article_modified_time":"2025-03-05T15:31:43+00:00","og_image":[{"width":2560,"height":1920,"url":"https:\/\/www.perezsala.com\/wp-content\/uploads\/2025\/02\/mariangeles-scaled.jpg","type":"image\/jpeg"}],"twitter_card":"summary_large_image","twitter_misc":{"Estimated reading time":"4 minutes"},"schema":{"@context":"https:\/\/schema.org","@graph":[{"@type":"WebPage","@id":"https:\/\/www.perezsala.com\/sobre-nosotros\/","url":"https:\/\/www.perezsala.com\/sobre-nosotros\/","name":"Mar\u00eda \u00c1ngeles P\u00e9rez Sala | Agent Allianz San Miguel de Salinas","isPartOf":{"@id":"https:\/\/www.perezsala.com\/#website"},"primaryImageOfPage":{"@id":"https:\/\/www.perezsala.com\/sobre-nosotros\/#primaryimage"},"image":{"@id":"https:\/\/www.perezsala.com\/sobre-nosotros\/#primaryimage"},"thumbnailUrl":"https:\/\/www.perezsala.com\/wp-content\/uploads\/2025\/02\/mariangeles-1024x768-300x300.jpg","datePublished":"2017-03-23T10:13:10+00:00","dateModified":"2025-03-05T15:31:43+00:00","description":"Mar\u00eda \u00c1ngeles P\u00e9rez Sala. Financial Agent at Allianz Investment Solutions. MIFID II qualified and registered with the CNMV.","breadcrumb":{"@id":"https:\/\/www.perezsala.com\/sobre-nosotros\/#breadcrumb"},"inLanguage":"en-GB","potentialAction":[{"@type":"ReadAction","target":["https:\/\/www.perezsala.com\/sobre-nosotros\/"]}]},{"@type":"ImageObject","inLanguage":"en-GB","@id":"https:\/\/www.perezsala.com\/sobre-nosotros\/#primaryimage","url":"https:\/\/www.perezsala.com\/wp-content\/uploads\/2025\/02\/mariangeles-1024x768-300x300.jpg","contentUrl":"https:\/\/www.perezsala.com\/wp-content\/uploads\/2025\/02\/mariangeles-1024x768-300x300.jpg"},{"@type":"BreadcrumbList","@id":"https:\/\/www.perezsala.com\/sobre-nosotros\/#breadcrumb","itemListElement":[{"@type":"ListItem","position":1,"name":"Portada","item":"https:\/\/www.perezsala.com\/"},{"@type":"ListItem","position":2,"name":"Sobre nosotros"}]},{"@type":"WebSite","@id":"https:\/\/www.perezsala.com\/#website","url":"https:\/\/www.perezsala.com\/","name":"Mar\u00eda \u00c1ngeles P\u00e9rez Sala","description":"Allianz Insurance","potentialAction":[{"@type":"SearchAction","target":{"@type":"EntryPoint","urlTemplate":"https:\/\/www.perezsala.com\/?s={search_term_string}"},"query-input":{"@type":"PropertyValueSpecification","valueRequired":true,"valueName":"search_term_string"}}],"inLanguage":"en-GB"}]}},"builder_content":"<h1><br\/>Sobre nosotros<\/h1>\n<p>Agente de seguros e inversiones de Allianz. Asesora financiera MIFIDii acreditada por la CNMV. Agencia Allianz EXTATS. Miembro del Colegio de Mediadores de Seguros de Alicante<\/p>\n<a href=\"\/servicios\/\" > Servicios <\/a>\n<img src=\"https:\/\/www.perezsala.com\/wp-content\/uploads\/2025\/02\/mariangeles-1024x768-300x300.jpg\" width=\"300\" height=\"300\" title=\"mariangeles\" alt=\"mariangeles\" srcset=\"https:\/\/www.perezsala.com\/wp-content\/uploads\/2025\/02\/mariangeles-1024x768-300x300.jpg 300w, https:\/\/www.perezsala.com\/wp-content\/uploads\/2025\/02\/mariangeles-150x150.jpg 150w\" sizes=\"(max-width: 300px) 100vw, 300px\" \/>\n<p style=\"text-align: justify;\">Soy Mar\u00eda \u00c1ngeles P\u00e9rez Sala. Trabajo como agente finaciera para Allianz Soluciones de Inversi\u00f3n. Llevo a\u00f1os trabajando para ofrecer a mis clientes las mejores soluciones para gestionar sus ahorros y su patrimonio, as\u00ed como las soluciones \u00f3ptimas de seguros, para que s\u00f3lo se preocupen de disfrutar y vivir tranquilos.<\/p>\n<p style=\"text-align: justify;\">Con una s\u00f3lida experiencia en el sector, a trav\u00e9s de Mar\u00eda \u00c1ngeles P\u00e9rez Sala Seguros, ofrecemos soluciones personalizadas para que nuestros clientes encuentren en nosotros su agente de confianza y la seguridad y tranquilidad que merecen, gracias a la experiencia de llevar desde el a\u00f1o 2004 ofreciendo soluciones a mis clientes.<\/p> <p style=\"text-align: justify;\">Si est\u00e1s buscando proteger tus bienes o realizar una planificaci\u00f3n financiera para un horizonte m\u00e1s o menos lejano, podemos asesorarte de forma profesional y cercana.<\/p> <p style=\"text-align: justify;\">Cont\u00e1ctanos sin compromiso para recibir una oferta a medida y que se adapte a tus necesidades espec\u00edficas. Nuestra mayor prioridad son tu satisfacci\u00f3n y tu seguridad y trabajamos para ello. Descubre todos los servicios que podemos ofrecerte.<\/p>\n<h1>\u00bfQuieres recibir asesoramiento personalizado?<br\/>\u00bfHablamos?<\/h1>\n<a href=\"\/contacto\/\" > Contacta conmigo <\/a>\n<p>Somos agencia EXPATS<\/p>\n<p style=\"text-align: justify;\">En Mar\u00eda \u00c1ngeles P\u00e9rez Sala Seguros contar\u00e1s con el asesoramiento de dos agentes titulados. Tanto yo como mi compa\u00f1ero V\u00edctor Garre Mora estaremos encantados de atenderte. Adem\u00e1s, desde el a\u00f1o 2023 nos hemos convertido en Agencia Allianz para EXPATS.<\/p>\nTambi\u00e9n soy miembro del colegio de mediadores de seguros de Alicante. Contar con un mediador de seguros colegiado es una garant\u00eda de calidad y servicio a la hora de tramitar cualquier gesti\u00f3n para nuestros clientes. Descubre todo lo que podemos ofrecerte en Mar\u00eda \u00c1ngeles P\u00e9rez Sala Seguros.\n<img src=\"https:\/\/www.perezsala.com\/wp-content\/uploads\/2025\/02\/victor-maria-angeles.jpg\" title=\"victor-maria-angeles\" alt=\"victor-maria-angeles\" srcset=\"https:\/\/www.perezsala.com\/wp-content\/uploads\/2025\/02\/victor-maria-angeles.jpg 1127w, https:\/\/www.perezsala.com\/wp-content\/uploads\/2025\/02\/victor-maria-angeles-300x197.jpg 300w, https:\/\/www.perezsala.com\/wp-content\/uploads\/2025\/02\/victor-maria-angeles-1024x672.jpg 1024w, https:\/\/www.perezsala.com\/wp-content\/uploads\/2025\/02\/victor-maria-angeles-768x504.jpg 768w, https:\/\/www.perezsala.com\/wp-content\/uploads\/2025\/02\/victor-maria-angeles-18x12.jpg 18w\" sizes=\"(max-width: 1127px) 100vw, 1127px\" \/>","_links":{"self":[{"href":"https:\/\/www.perezsala.com\/en\/wp-json\/wp\/v2\/pages\/56","targetHints":{"allow":["GET"]}}],"collection":[{"href":"https:\/\/www.perezsala.com\/en\/wp-json\/wp\/v2\/pages"}],"about":[{"href":"https:\/\/www.perezsala.com\/en\/wp-json\/wp\/v2\/types\/page"}],"author":[{"embeddable":true,"href":"https:\/\/www.perezsala.com\/en\/wp-json\/wp\/v2\/users\/1"}],"replies":[{"embeddable":true,"href":"https:\/\/www.perezsala.com\/en\/wp-json\/wp\/v2\/comments?post=56"}],"version-history":[{"count":26,"href":"https:\/\/www.perezsala.com\/en\/wp-json\/wp\/v2\/pages\/56\/revisions"}],"predecessor-version":[{"id":629,"href":"https:\/\/www.perezsala.com\/en\/wp-json\/wp\/v2\/pages\/56\/revisions\/629"}],"wp:attachment":[{"href":"https:\/\/www.perezsala.com\/en\/wp-json\/wp\/v2\/media?parent=56"}],"curies":[{"name":"wp","href":"https:\/\/api.w.org\/{rel}","templated":true}]}}