{"id":3,"date":"2025-01-24T13:40:26","date_gmt":"2025-01-24T12:40:26","guid":{"rendered":"https:\/\/www.perezsala.com\/?page_id=3"},"modified":"2025-01-27T16:48:50","modified_gmt":"2025-01-27T15:48:50","slug":"politica-privacidad","status":"publish","type":"page","link":"https:\/\/www.perezsala.com\/de\/politica-privacidad\/","title":{"rendered":"Datenschutzbestimmungen"},"content":{"rendered":"<p>In Europa und Spanien gibt es Datenschutzbestimmungen zum Schutz Ihrer pers\u00f6nlichen Daten, die f\u00fcr unser Unternehmen verbindlich sind.<\/p>\n\n\n\n<p>Es ist uns daher sehr wichtig, dass Sie vollst\u00e4ndig verstehen, was wir mit den von Ihnen erfragten personenbezogenen Daten tun werden.<\/p>\n\n\n\n<p>Wir werden transparent sein und Ihnen die Kontrolle \u00fcber Ihre Daten geben, mit klarer Sprache und eindeutigen Wahlm\u00f6glichkeiten, die es Ihnen erm\u00f6glichen zu entscheiden, was wir mit Ihren pers\u00f6nlichen Daten machen.<\/p>\n\n\n\n<p>Bitte z\u00f6gern Sie nicht, uns zu fragen, wenn Sie nach dem Lesen dieser Informationen noch Fragen haben.<\/p>\n\n\n\n<p>Vielen Dank f\u00fcr Ihre Mitarbeit.<\/p>\n\n\n\n<h3 class=\"wp-block-heading\"><strong>\u00bf<\/strong><strong>Wer sind wir?<\/strong><\/h3>\n\n\n\n<ul class=\"wp-block-list\">\n<li>Unsere Konfession:\u00a0<strong>MAR\u00cdA \u00c1NGELES P\u00c9REZ SALA<\/strong><\/li>\n\n\n\n<li>Unser CIF \/ NIF:\u00a0<strong><strong>45560120H<\/strong><\/strong><\/li>\n\n\n\n<li>Unser Kerngesch\u00e4ft:<strong> ALLIANZ VERSICHERUNGSVERTRETER<\/strong><\/li>\n\n\n\n<li>Unsere Adresse:\u00a0<strong>Plaza Juan Carlos I N\u00ba8 BAJO. CP 03193, San Miguel de Salinas (Alicante)<\/strong><\/li>\n\n\n\n<li>Unsere Kontakttelefonnummer: <strong>(+34) 965 720 973<\/strong><\/li>\n\n\n\n<li>Unsere Kontakt-E-Mail-Adresse: <strong>HOLA@PEREZSALA.COM<\/strong><\/li>\n\n\n\n<li>Unsere Website:\u00a0<strong>PEREZSALA.COM<\/strong><\/li>\n\n\n\n<li>Unsere Hauptt\u00e4tigkeit unterliegt einem System der vorherigen beh\u00f6rdlichen Genehmigung. Um Ihr Vertrauen und Ihre Sicherheit zu gew\u00e4hrleisten, teilen wir Ihnen die Einzelheiten dieser Genehmigung und die Kenndaten der zust\u00e4ndigen Aufsichtsbeh\u00f6rde mit:<\/li>\n<\/ul>\n\n\n\n<p>Wir stehen Ihnen gerne zur Verf\u00fcgung, z\u00f6gern Sie nicht, uns zu kontaktieren.<\/p>\n\n\n\n<h3 class=\"wp-block-heading\"><strong>Wof\u00fcr werden wir Ihre Daten verwenden?<\/strong><\/h3>\n\n\n\n<p>Im Allgemeinen werden Ihre pers\u00f6nlichen Daten verwendet, um mit Ihnen in Kontakt zu treten und Ihnen unsere Dienstleistungen anzubieten.<\/p>\n\n\n\n<p>Sie k\u00f6nnen auch f\u00fcr andere Aktivit\u00e4ten verwendet werden, z. B. um Ihnen Werbung zu schicken oder unsere Aktivit\u00e4ten zu f\u00f6rdern.<\/p>\n\n\n\n<h3 class=\"wp-block-heading\"><strong>Warum m\u00fcssen wir Ihre Daten verwenden?<\/strong><\/h3>\n\n\n\n<p>Ihre pers\u00f6nlichen Daten sind notwendig, damit wir mit Ihnen in Kontakt treten und Ihnen unsere Dienste anbieten k\u00f6nnen. In diesem Zusammenhang werden wir Ihnen eine Reihe von Kontrollk\u00e4stchen zur Verf\u00fcgung stellen, die es Ihnen erm\u00f6glichen, eine klare und einfache Entscheidung \u00fcber die Verwendung Ihrer pers\u00f6nlichen Daten zu treffen.<\/p>\n\n\n\n<h3 class=\"wp-block-heading\"><strong>Wer wird die Informationen kennen, nach denen wir fragen?<\/strong><\/h3>\n\n\n\n<p>Im Allgemeinen haben nur ordnungsgem\u00e4\u00df befugte Mitarbeiter unserer Organisation Zugang zu den von uns angeforderten Informationen.<\/p>\n\n\n\n<p>Ebenso k\u00f6nnen diejenigen Stellen, die Zugang zu Ihren pers\u00f6nlichen Daten haben m\u00fcssen, damit wir Ihnen unsere Dienstleistungen anbieten k\u00f6nnen, Zugang zu Ihren pers\u00f6nlichen Daten haben. So kennt beispielsweise unsere Bank Ihre Daten, wenn die Zahlung f\u00fcr unsere Dienstleistungen per Kreditkarte oder \u00dcberweisung erfolgt.<\/p>\n\n\n\n<p>Auch die \u00f6ffentlichen oder privaten Stellen, an die wir Ihre personenbezogenen Daten weitergeben m\u00fcssen, um ein Gesetz zu erf\u00fcllen, erhalten Kenntnis von Ihren Daten. Ein Beispiel: Das Steuergesetz verpflichtet uns, der Steuerbeh\u00f6rde bestimmte Informationen \u00fcber wirtschaftliche Transaktionen zu \u00fcbermitteln, die einen bestimmten Betrag \u00fcberschreiten.<\/p>\n\n\n\n<p>F\u00fcr den Fall, dass wir, abgesehen von den oben genannten F\u00e4llen, Ihre pers\u00f6nlichen Daten an andere Stellen weitergeben m\u00fcssen, werden wir Sie vorher um Ihre Erlaubnis bitten, indem wir Ihnen klare Optionen anbieten, die es Ihnen erm\u00f6glichen, in dieser Hinsicht zu entscheiden.<\/p>\n\n\n\n<h3 class=\"wp-block-heading\"><strong>Wie werden wir Ihre Daten sch\u00fctzen?<\/strong><\/h3>\n\n\n\n<p>Wir sch\u00fctzen Ihre Daten durch wirksame Sicherheitsma\u00dfnahmen, die den mit der Nutzung Ihrer Informationen verbundenen Risiken angemessen sind.<\/p>\n\n\n\n<p>Zu diesem Zweck haben wir eine Datenschutzpolitik verabschiedet, und es werden j\u00e4hrliche Kontrollen und Audits durchgef\u00fchrt, um sicherzustellen, dass Ihre pers\u00f6nlichen Daten jederzeit sicher sind.<\/p>\n\n\n\n<h3 class=\"wp-block-heading\"><strong>Werden wir Ihre Daten in andere L\u00e4nder \u00fcbermitteln?<\/strong><\/h3>\n\n\n\n<p>Es gibt L\u00e4nder auf der Welt, die f\u00fcr Ihre Daten sicher sind, und andere, die nicht so sicher sind. Die Europ\u00e4ische Union zum Beispiel ist eine sichere Umgebung f\u00fcr Ihre Daten. Unsere Politik ist es, Ihre pers\u00f6nlichen Daten nicht in ein Land zu senden, das aus Sicht des Datenschutzes nicht sicher ist.<\/p>\n\n\n\n<p>Sollte es f\u00fcr die Erbringung der Dienstleistung unerl\u00e4sslich sein, Ihre Daten in ein Land zu \u00fcbermitteln, das nicht so sicher ist wie Spanien, werden wir Sie stets um Ihre vorherige Zustimmung bitten und wirksame Sicherheitsma\u00dfnahmen ergreifen, um die Risiken der \u00dcbermittlung Ihrer pers\u00f6nlichen Daten in ein anderes Land zu verringern.<\/p>\n\n\n\n<h3 class=\"wp-block-heading\"><strong>Wie lange werden wir Ihre Daten aufbewahren?<\/strong><\/h3>\n\n\n\n<p>Wir werden Ihre Daten f\u00fcr die Dauer unserer Beziehung und so lange aufbewahren, wie wir gesetzlich dazu verpflichtet sind. Nach Ablauf der geltenden gesetzlichen Fristen werden wir sie auf sichere und umweltfreundliche Weise vernichten.<\/p>\n\n\n\n<h3 class=\"wp-block-heading\"><strong>Welche Rechte haben Sie in Bezug auf den Datenschutz?<\/strong><\/h3>\n\n\n\n<p>Sie k\u00f6nnen sich jederzeit mit uns in Verbindung setzen, um herauszufinden, welche Daten wir \u00fcber Sie gespeichert haben, um sie zu berichtigen, wenn sie falsch sind, und um sie nach Beendigung unserer Beziehung zu l\u00f6schen, soweit dies rechtlich m\u00f6glich ist.<\/p>\n\n\n\n<p>Sie haben auch das Recht, die Weitergabe Ihrer Daten an eine andere Einrichtung zu verlangen. Dieses Recht wird als \"\u00dcbertragbarkeit\" bezeichnet und kann in bestimmten Situationen n\u00fctzlich sein.<\/p>\n\n\n\n<p>Um eines dieser Rechte in Anspruch zu nehmen, m\u00fcssen Sie einen schriftlichen Antrag an unsere Adresse richten und eine Kopie Ihres Personalausweises beilegen, damit wir Sie identifizieren k\u00f6nnen.<\/p>\n\n\n\n<p>In unseren B\u00fcros liegen spezielle Formulare f\u00fcr die Geltendmachung dieser Rechte aus, und wir bieten Ihnen unsere Hilfe beim Ausf\u00fcllen dieser Formulare an.<\/p>\n\n\n\n<p>Um mehr \u00fcber Ihre Datenschutzrechte zu erfahren, k\u00f6nnen Sie die Website der spanischen Datenschutzbeh\u00f6rde (<a href=\"http:\/\/www.agpd.es\/\">www.agpd.es<\/a>).<\/p>\n\n\n\n<h3 class=\"wp-block-heading\"><strong>K\u00f6nnen Sie Ihre Einwilligung zur\u00fcckziehen, wenn Sie Ihre Meinung sp\u00e4ter \u00e4ndern?<\/strong><\/h3>\n\n\n\n<p>Sie k\u00f6nnen Ihre Einwilligung jederzeit widerrufen, wenn Sie Ihre Meinung \u00fcber die Verwendung Ihrer Daten \u00e4ndern.<\/p>\n\n\n\n<p>Wenn Sie zum Beispiel einmal an Werbung f\u00fcr unsere Produkte oder Dienstleistungen interessiert waren, aber keine weitere Werbung mehr erhalten m\u00f6chten, k\u00f6nnen Sie uns dies mitteilen, indem Sie das in unseren B\u00fcros erh\u00e4ltliche Widerspruchsformular ausf\u00fcllen.<\/p>\n\n\n\n<h3 class=\"wp-block-heading\"><strong>Wo k\u00f6nnen Sie sich beschweren, wenn Sie das Gef\u00fchl haben, dass Ihre Rechte nicht beachtet wurden?<\/strong><\/h3>\n\n\n\n<p>Wenn Sie der Meinung sind, dass Ihre Rechte von unserer Einrichtung missachtet wurden, k\u00f6nnen Sie eine Beschwerde bei der spanischen Datenschutzbeh\u00f6rde einreichen:<\/p>\n\n\n\n<ul class=\"wp-block-list\">\n<li>Elektronische Zentrale: www.agpd.es<\/li>\n\n\n\n<li>Postanschrift:<\/li>\n<\/ul>\n\n\n\n<p>Spanische Datenschutzbeh\u00f6rde<br>C\/ Jorge Juan, 6<br>28001-Madrid<\/p>\n\n\n\n<ul class=\"wp-block-list\">\n<li>Telefonisch:<\/li>\n<\/ul>\n\n\n\n<p>Tel. 901 100 099<\/p>\n\n\n\n<p>Tel. 91 266 35 17<\/p>\n\n\n\n<p>Die Einreichung einer Beschwerde bei der spanischen Datenschutzbeh\u00f6rde ist mit keinerlei Kosten verbunden, und die Unterst\u00fctzung durch einen Rechtsanwalt ist nicht erforderlich.<\/p>\n\n\n\n<h3 class=\"wp-block-heading\"><strong>Werden wir ein Profil von Ihnen erstellen?<\/strong><\/h3>\n\n\n\n<p>Es ist unsere Politik, keine Profile von Nutzern unserer Dienste zu erstellen.<\/p>\n\n\n\n<p>Es kann jedoch Situationen geben, in denen wir zu Service-, Marketing- oder anderen Zwecken ein Profil Ihrer Daten erstellen m\u00fcssen. Ein Beispiel w\u00e4re die Verwendung Ihrer Kauf- oder Dienstleistungshistorie, damit wir Ihnen Produkte oder Dienstleistungen anbieten k\u00f6nnen, die auf Ihre Vorlieben oder Bed\u00fcrfnisse zugeschnitten sind.<\/p>\n\n\n\n<p>In einem solchen Fall werden wir wirksame Sicherheitsma\u00dfnahmen ergreifen, um Ihre Daten jederzeit vor unbefugten Personen zu sch\u00fctzen, die versuchen, sie zu ihrem eigenen Vorteil zu nutzen.<\/p>\n\n\n\n<h3 class=\"wp-block-heading\"><strong>Werden wir Ihre Daten f\u00fcr andere Zwecke verwenden?<\/strong><\/h3>\n\n\n\n<p>Es ist unser Grundsatz, Ihre Daten nur f\u00fcr die Zwecke zu verwenden, die wir Ihnen erkl\u00e4rt haben. Wenn wir Ihre Daten jedoch f\u00fcr andere Aktivit\u00e4ten verwenden m\u00fcssen, werden wir Sie immer vorher um Ihre Erlaubnis bitten, indem wir Ihnen klare Optionen anbieten, damit Sie entscheiden k\u00f6nnen.<\/p>","protected":false},"excerpt":{"rendered":"<p>En Europa y en Espa\u00f1a existen normas de protecci\u00f3n de datos pensadas para proteger su informaci\u00f3n personal de obligado cumplimiento para nuestra entidad. Por ello, es muy importante para nosotros que entienda perfectamente qu\u00e9 vamos a hacer con los datos personales que le pedimos. As\u00ed, seremos transparentes y le daremos el control de sus datos, [&hellip;]<\/p>\n","protected":false},"author":1,"featured_media":0,"parent":0,"menu_order":0,"comment_status":"closed","ping_status":"closed","template":"","meta":{"_joinchat":[],"footnotes":""},"class_list":["post-3","page","type-page","status-publish","hentry","has-post-title","has-post-date","has-post-category","has-post-tag","has-post-comment","has-post-author",""],"yoast_head":"<!-- This site is optimized with the Yoast SEO plugin v27.3 - https:\/\/yoast.com\/product\/yoast-seo-wordpress\/ -->\n<title>Pol\u00edtica de privacidad - Mar\u00eda \u00c1ngeles P\u00e9rez Sala<\/title>\n<meta name=\"robots\" content=\"index, follow, max-snippet:-1, max-image-preview:large, max-video-preview:-1\" \/>\n<link rel=\"canonical\" href=\"https:\/\/www.perezsala.com\/de\/politica-privacidad\/\" \/>\n<meta property=\"og:locale\" content=\"de_DE\" \/>\n<meta property=\"og:type\" content=\"article\" \/>\n<meta property=\"og:title\" content=\"Pol\u00edtica de privacidad - Mar\u00eda \u00c1ngeles P\u00e9rez Sala\" \/>\n<meta property=\"og:description\" content=\"En Europa y en Espa\u00f1a existen normas de protecci\u00f3n de datos pensadas para proteger su informaci\u00f3n personal de obligado cumplimiento para nuestra entidad. Por ello, es muy importante para nosotros que entienda perfectamente qu\u00e9 vamos a hacer con los datos personales que le pedimos. As\u00ed, seremos transparentes y le daremos el control de sus datos, [&hellip;]\" \/>\n<meta property=\"og:url\" content=\"https:\/\/www.perezsala.com\/de\/politica-privacidad\/\" \/>\n<meta property=\"og:site_name\" content=\"Mar\u00eda \u00c1ngeles P\u00e9rez Sala\" \/>\n<meta property=\"article:modified_time\" content=\"2025-01-27T15:48:50+00:00\" \/>\n<meta name=\"twitter:card\" content=\"summary_large_image\" \/>\n<meta name=\"twitter:label1\" content=\"Gesch\u00e4tzte Lesezeit\" \/>\n\t<meta name=\"twitter:data1\" content=\"6\u00a0Minuten\" \/>\n<script type=\"application\/ld+json\" class=\"yoast-schema-graph\">{\"@context\":\"https:\\\/\\\/schema.org\",\"@graph\":[{\"@type\":\"WebPage\",\"@id\":\"https:\\\/\\\/www.perezsala.com\\\/politica-privacidad\\\/\",\"url\":\"https:\\\/\\\/www.perezsala.com\\\/politica-privacidad\\\/\",\"name\":\"Pol\u00edtica de privacidad - Mar\u00eda \u00c1ngeles P\u00e9rez Sala\",\"isPartOf\":{\"@id\":\"https:\\\/\\\/www.perezsala.com\\\/#website\"},\"datePublished\":\"2025-01-24T12:40:26+00:00\",\"dateModified\":\"2025-01-27T15:48:50+00:00\",\"breadcrumb\":{\"@id\":\"https:\\\/\\\/www.perezsala.com\\\/politica-privacidad\\\/#breadcrumb\"},\"inLanguage\":\"de\",\"potentialAction\":[{\"@type\":\"ReadAction\",\"target\":[\"https:\\\/\\\/www.perezsala.com\\\/politica-privacidad\\\/\"]}]},{\"@type\":\"BreadcrumbList\",\"@id\":\"https:\\\/\\\/www.perezsala.com\\\/politica-privacidad\\\/#breadcrumb\",\"itemListElement\":[{\"@type\":\"ListItem\",\"position\":1,\"name\":\"Portada\",\"item\":\"https:\\\/\\\/www.perezsala.com\\\/\"},{\"@type\":\"ListItem\",\"position\":2,\"name\":\"Pol\u00edtica de privacidad\"}]},{\"@type\":\"WebSite\",\"@id\":\"https:\\\/\\\/www.perezsala.com\\\/#website\",\"url\":\"https:\\\/\\\/www.perezsala.com\\\/\",\"name\":\"Mar\u00eda \u00c1ngeles P\u00e9rez Sala\",\"description\":\"Allianz Seguros\",\"potentialAction\":[{\"@type\":\"SearchAction\",\"target\":{\"@type\":\"EntryPoint\",\"urlTemplate\":\"https:\\\/\\\/www.perezsala.com\\\/?s={search_term_string}\"},\"query-input\":{\"@type\":\"PropertyValueSpecification\",\"valueRequired\":true,\"valueName\":\"search_term_string\"}}],\"inLanguage\":\"de\"}]}<\/script>\n<!-- \/ Yoast SEO plugin. -->","yoast_head_json":{"title":"Pol\u00edtica de privacidad - Mar\u00eda \u00c1ngeles P\u00e9rez Sala","robots":{"index":"index","follow":"follow","max-snippet":"max-snippet:-1","max-image-preview":"max-image-preview:large","max-video-preview":"max-video-preview:-1"},"canonical":"https:\/\/www.perezsala.com\/de\/politica-privacidad\/","og_locale":"de_DE","og_type":"article","og_title":"Pol\u00edtica de privacidad - Mar\u00eda \u00c1ngeles P\u00e9rez Sala","og_description":"En Europa y en Espa\u00f1a existen normas de protecci\u00f3n de datos pensadas para proteger su informaci\u00f3n personal de obligado cumplimiento para nuestra entidad. Por ello, es muy importante para nosotros que entienda perfectamente qu\u00e9 vamos a hacer con los datos personales que le pedimos. As\u00ed, seremos transparentes y le daremos el control de sus datos, [&hellip;]","og_url":"https:\/\/www.perezsala.com\/de\/politica-privacidad\/","og_site_name":"Mar\u00eda \u00c1ngeles P\u00e9rez Sala","article_modified_time":"2025-01-27T15:48:50+00:00","twitter_card":"summary_large_image","twitter_misc":{"Gesch\u00e4tzte Lesezeit":"6\u00a0Minuten"},"schema":{"@context":"https:\/\/schema.org","@graph":[{"@type":"WebPage","@id":"https:\/\/www.perezsala.com\/politica-privacidad\/","url":"https:\/\/www.perezsala.com\/politica-privacidad\/","name":"Pol\u00edtica de privacidad - Mar\u00eda \u00c1ngeles P\u00e9rez Sala","isPartOf":{"@id":"https:\/\/www.perezsala.com\/#website"},"datePublished":"2025-01-24T12:40:26+00:00","dateModified":"2025-01-27T15:48:50+00:00","breadcrumb":{"@id":"https:\/\/www.perezsala.com\/politica-privacidad\/#breadcrumb"},"inLanguage":"de","potentialAction":[{"@type":"ReadAction","target":["https:\/\/www.perezsala.com\/politica-privacidad\/"]}]},{"@type":"BreadcrumbList","@id":"https:\/\/www.perezsala.com\/politica-privacidad\/#breadcrumb","itemListElement":[{"@type":"ListItem","position":1,"name":"Portada","item":"https:\/\/www.perezsala.com\/"},{"@type":"ListItem","position":2,"name":"Pol\u00edtica de privacidad"}]},{"@type":"WebSite","@id":"https:\/\/www.perezsala.com\/#website","url":"https:\/\/www.perezsala.com\/","name":"Mar\u00eda \u00c1ngeles P\u00e9rez Sala","description":"Allianz Versicherung","potentialAction":[{"@type":"SearchAction","target":{"@type":"EntryPoint","urlTemplate":"https:\/\/www.perezsala.com\/?s={search_term_string}"},"query-input":{"@type":"PropertyValueSpecification","valueRequired":true,"valueName":"search_term_string"}}],"inLanguage":"de"}]}},"builder_content":"","_links":{"self":[{"href":"https:\/\/www.perezsala.com\/de\/wp-json\/wp\/v2\/pages\/3","targetHints":{"allow":["GET"]}}],"collection":[{"href":"https:\/\/www.perezsala.com\/de\/wp-json\/wp\/v2\/pages"}],"about":[{"href":"https:\/\/www.perezsala.com\/de\/wp-json\/wp\/v2\/types\/page"}],"author":[{"embeddable":true,"href":"https:\/\/www.perezsala.com\/de\/wp-json\/wp\/v2\/users\/1"}],"replies":[{"embeddable":true,"href":"https:\/\/www.perezsala.com\/de\/wp-json\/wp\/v2\/comments?post=3"}],"version-history":[{"count":3,"href":"https:\/\/www.perezsala.com\/de\/wp-json\/wp\/v2\/pages\/3\/revisions"}],"predecessor-version":[{"id":129,"href":"https:\/\/www.perezsala.com\/de\/wp-json\/wp\/v2\/pages\/3\/revisions\/129"}],"wp:attachment":[{"href":"https:\/\/www.perezsala.com\/de\/wp-json\/wp\/v2\/media?parent=3"}],"curies":[{"name":"wp","href":"https:\/\/api.w.org\/{rel}","templated":true}]}}