{"id":108,"date":"2025-01-27T16:29:17","date_gmt":"2025-01-27T15:29:17","guid":{"rendered":"https:\/\/www.perezsala.com\/politica-de-cookies-copy\/"},"modified":"2025-01-27T16:53:37","modified_gmt":"2025-01-27T15:53:37","slug":"aviso-legal","status":"publish","type":"page","link":"https:\/\/www.perezsala.com\/de\/aviso-legal\/","title":{"rendered":"Rechtlicher Hinweis"},"content":{"rendered":"<h2 class=\"wp-block-heading\"><strong>1. allgemeine Bedingungen:<\/strong><\/h2>\n\n\n\n<p>Dieser rechtliche Hinweis enth\u00e4lt die Bedingungen, die die Nutzung und den Zugang zur Website https:\/\/www.perezsala.com (im Folgenden Website oder Web) und die sich aus ihrer Nutzung ergebenden Verantwortlichkeiten regeln, in \u00dcbereinstimmung mit dem Gesetz 34\/2002 vom 11. Juli \u00fcber die Dienste der Informationsgesellschaft und den elektronischen Handel (im Folgenden LSSI). Es wird davon ausgegangen, dass der Zugang zur Website oder die blo\u00dfe Nutzung der Website durch den Benutzer die Einhaltung aller Bedingungen voraussetzt, die <strong>MAR\u00cdA \u00c1NGELES P\u00c9REZ SALA<\/strong> die zu diesem Zeitpunkt auf der Website ver\u00f6ffentlicht sind. Die Nutzer werden dar\u00fcber informiert, dass <strong>MAR\u00cdA \u00c1NGELES P\u00c9REZ SALA<\/strong> die geltenden Rechtsvorschriften \u00fcber den Schutz personenbezogener Daten, die Privatsph\u00e4re der Nutzer sowie die Geheimhaltung und Sicherheit ihrer personenbezogenen Daten zu beachten und die erforderlichen technischen und organisatorischen Ma\u00dfnahmen zu ergreifen, um den Verlust, den Missbrauch, die \u00c4nderung, den unbefugten Zugriff und den Diebstahl der \u00fcbermittelten personenbezogenen Daten zu verhindern.<\/p>\n\n\n\n<p><strong>2. halter:<\/strong><\/p>\n\n\n\n<p>Der Eigent\u00fcmer dieser Website ist:<\/p>\n\n\n\n<p><strong>MAR\u00cdA \u00c1NGELES P\u00c9REZ SALA<\/strong> von nun an<strong> M\u00aa \u00c1NGELES P\u00c9REZ SALA,<\/strong> mit eingetragenem Sitz in Plaza Juan Carlos I n\u00ba8 Bajo. CP 03193, San Miguel de Salinas (Alicante) , mit Umsatzsteueridentifikationsnummer <strong><strong>45560120H<\/strong><\/strong>Kontakttelefonnummer (+34) 965 720 973 und E-Mail-Adresse hola@perezsala.com.<\/p>\n\n\n\n<p><strong>3. Objekt:<\/strong><\/p>\n\n\n\n<p>Das Ziel dieser Website ist es, \u00fcber die Aktivit\u00e4ten und Dienstleistungen des Unternehmens zu informieren. <strong>M\u00aa \u00c1NGELES P\u00c9REZ SALA<\/strong>.<\/p>\n\n\n\n<p><strong>4. Rechte an geistigem und gewerblichem Eigentum:<\/strong><\/p>\n\n\n\n<p>Die Gesamtheit dieser Website: Beschreibung und Merkmale, Texte, Bilder, Marken, Logos, Schaltfl\u00e4chen, Softwaredateien sowie die Struktur, Auswahl, Anordnung und Pr\u00e4sentation ihrer Inhalte sind durch spanische und internationale Gesetze zum geistigen und gewerblichen Eigentum gesch\u00fctzt. In keinem Fall bedeutet der Zugang Dritter zu dieser Website irgendeine Art von Verzicht, \u00dcbertragung oder vollst\u00e4ndiger oder teilweiser Abtretung der durch die spanische und internationale Gesetzgebung zum geistigen und gewerblichen Eigentum gew\u00e4hrten Rechte.<\/p>\n\n\n\n<p>Die Vervielf\u00e4ltigung (mit Ausnahme des vor\u00fcbergehenden Herunterladens von der Website auf die Festplatte des Computers des Nutzers oder auf Proxy-Server), das Kopieren, die Nutzung, der Vertrieb, die Wiederverwendung, die Verwertung, die Anfertigung von Zweitkopien, die Versendung per Post, die \u00dcbertragung, die \u00c4nderung, die Weitergabe oder jede andere Handlung, die mit der Gesamtheit oder einem Teil der auf dieser Website enthaltenen Informationen vorgenommen wird, die nicht ausdr\u00fccklich vom Eigent\u00fcmer genehmigt wurde, ist verboten. Der Nutzer verpflichtet sich, die Inhalte in sorgf\u00e4ltiger, korrekter und rechtm\u00e4\u00dfiger Weise zu nutzen und insbesondere das L\u00f6schen, die Umgehung oder die Manipulation der Urheberrechte und anderer Angaben zur Identifizierung der Rechte von <strong>M\u00aa \u00c1NGELES P\u00c9REZ SALA<\/strong> oder deren Eigent\u00fcmer, die in den Inhalten enthalten sind, sowie die technischen Schutzvorrichtungen oder alle Informationsmechanismen, die in den Inhalten enthalten sein k\u00f6nnen. https:\/\/www.perezsala.com ist eine Domain, die von <strong>M\u00aa \u00c1NGELES P\u00c9REZ SALA<\/strong>. Die Domain darf ohne ausdr\u00fcckliche vorherige Genehmigung nicht in Verbindung mit anderen unternehmensfremden Dienstleistungen in einer Weise verwendet werden, die geeignet ist, bei unseren Kunden Verwirrung zu stiften oder unser Unternehmen in Verruf zu bringen. <strong>M\u00aa \u00c1NGELES P\u00c9REZ SALA<\/strong>.<\/p>\n\n\n\n<p><strong>5. Zugang:<\/strong><\/p>\n\n\n\n<p>Der Zugang zu dieser Website ist kostenlos. Allerdings, <strong>M\u00aa \u00c1NGELES P\u00c9REZ SALA<\/strong> beh\u00e4lt sich das Recht vor, den Zugang zu bestimmten Bereichen der Website auf diejenigen Nutzer zu beschr\u00e4nken, die nicht \u00fcber die entsprechenden Zugangsdaten verf\u00fcgen. Diese Zugangsdaten (Benutzername und Passwort) werden bereitgestellt von <strong>M\u00aa \u00c1NGELES P\u00c9REZ SALA<\/strong> an seine Kunden oder an diejenigen Nutzer, die dies ausdr\u00fccklich w\u00fcnschen, um Zugang zu spezifischen Informationen f\u00fcr diese Gruppe von Nutzern zu erhalten. Die Verwendung des Passworts ist pers\u00f6nlich und nicht \u00fcbertragbar, und es darf nicht, auch nicht vor\u00fcbergehend, an Dritte weitergegeben werden. In diesem Sinne verpflichtet sich der Nutzer, es sorgf\u00e4ltig zu verwenden und geheim zu halten.<\/p>\n\n\n\n<p><strong>6. Verantwortung und Haftung:<\/strong><\/p>\n\n\n\n<p><strong>6.1. Verantwortung f\u00fcr den Inhalt<\/strong><\/p>\n\n\n\n<p>Der Inhalt dieser Website ist allgemeiner Natur und dient ausschlie\u00dflich der Information \u00fcber unsere Dienstleistungen und unsere Gesch\u00e4ftst\u00e4tigkeit. <strong>M\u00aa \u00c1NGELES P\u00c9REZ SALA<\/strong> lehnt jede Haftung f\u00fcr Entscheidungen ab, die der Nutzer der Website trifft. <strong>M\u00aa \u00c1NGELES P\u00c9REZ SALA<\/strong> lehnt jede Haftung f\u00fcr Informationen ab, die nicht von der Gesellschaft erstellt oder nicht in einer von ihr genehmigten Weise unter ihrem Namen ver\u00f6ffentlicht wurden, sowie jede Haftung, die sich aus dem Missbrauch der Inhalte ergibt. Gleiches gilt f\u00fcr die Inhalte, <strong>M\u00aa \u00c1NGELES P\u00c9REZ SALA<\/strong> beh\u00e4lt sich das Recht vor, den Zugang zu ihnen zu aktualisieren, zu l\u00f6schen, einzuschr\u00e4nken oder zu verhindern, entweder vor\u00fcbergehend oder dauerhaft.<\/p>\n\n\n\n<p><strong>6.2 Verantwortung f\u00fcr Links zu anderen Websites (Links)<\/strong><\/p>\n\n\n\n<p>Die Links auf dieser Website dienen nur zu Informationszwecken und sind daher nicht bindend, <strong>M\u00aa \u00c1NGELES P\u00c9REZ SALA<\/strong> kontrolliert oder pr\u00fcft keine Informationen, Inhalte, Produkte oder Dienstleistungen, die auf diesen Websites angeboten werden. Dementsprechend, <strong>M\u00aa \u00c1NGELES P\u00c9REZ SALA<\/strong> lehnt jede Verantwortung oder Haftung f\u00fcr irgendeinen Aspekt, insbesondere den Inhalt, der verlinkten Seiten ab. Solche Links zu anderen Websites und die dort angebotenen Produkte oder Dienstleistungen bedeuten keine Bef\u00fcrwortung, F\u00f6rderung oder Empfehlung durch <strong>M\u00aa \u00c1NGELES P\u00c9REZ SALA<\/strong>.<\/p>\n\n\n\n<p><strong>6.3. die Haftung f\u00fcr den Fall, dass diese Website das Ziel eines auf einer anderen Website platzierten Links ist<\/strong><\/p>\n\n\n\n<p>In Bezug auf die Links, die von anderen Websites zur Website von <strong>M\u00aa \u00c1NGELES P\u00c9REZ SALA<\/strong> m\u00fcssen die folgenden Bestimmungen einhalten: - Sie m\u00fcssen vor der Herstellung des Links eine Genehmigung einholen und ausdr\u00fccklich erkl\u00e4ren, dass Sie eine solche Genehmigung erteilt haben.<\/p>\n\n\n\n<p>Der Link muss absolut und vollst\u00e4ndig sein, d. h. er muss den Nutzer zu seiner eigenen Adresse von <strong>M\u00aa \u00c1NGELES P\u00c9REZ SALA<\/strong> und muss den gesamten Bildschirm der Homepage vollst\u00e4ndig abdecken. Unter keinen Umst\u00e4nden, au\u00dfer mit ausdr\u00fccklicher schriftlicher Genehmigung von <strong>M\u00aa \u00c1NGELES P\u00c9REZ SALA<\/strong>die verlinkende Website in irgendeiner Weise die Website von <strong>M\u00aa \u00c1NGELES P\u00c9REZ SALA<\/strong>Es ist nicht gestattet, diese Website zu nutzen, sie als Teil Ihrer Website oder in einem ihrer Frames einzubinden oder einen Browser \u00fcber eine der Seiten der Website zu erstellen.<\/p>\n\n\n\n<p>Es d\u00fcrfen keine fehlerhaften oder unrichtigen Angaben \u00fcber die Seite des <strong>M\u00aa \u00c1NGELES P\u00c9REZ SALA<\/strong>.<\/p>\n\n\n\n<p>Wenn ein Unterscheidungsmerkmal des Unternehmens eingetragen werden soll, ist es <strong>M\u00aa \u00c1NGELES P\u00c9REZ SALA<\/strong>Die Verwendung solcher Produkte, wie Marken, Logos und Namen, muss schriftlich genehmigt werden.<\/p>\n\n\n\n<p>Der Inhaber der Seite, die den Link anbietet, muss in gutem Glauben handeln und darf nicht versuchen, den Ruf oder den guten Namen der verlinkten Seite zu sch\u00e4digen. <strong>M\u00aa \u00c1NGELES P\u00c9REZ SALA<\/strong>.<\/p>\n\n\n\n<p>Es ist verboten, es sei denn, es liegt eine ausdr\u00fcckliche Genehmigung von <strong>M\u00aa \u00c1NGELES P\u00c9REZ SALA<\/strong>die Textelemente der Marke oder des Logos, den Domainnamen oder den Firmennamen von <strong>M\u00aa \u00c1NGELES P\u00c9REZ SALA<\/strong>als Schl\u00fcsselw\u00f6rter (\"Metatags\" oder \"Metanamen\") f\u00fcr die Suche von Suchmaschinen nach Websites. <strong>M\u00aa \u00c1NGELES P\u00c9REZ SALA<\/strong> \u00fcbernimmt keinerlei Verantwortung f\u00fcr irgendeinen Aspekt der verlinkten Website.<\/p>\n\n\n\n<p><strong>6.4 Verantwortung f\u00fcr technische Aspekte:<\/strong><\/p>\n\n\n\n<p><strong>M\u00aa \u00c1NGELES P\u00c9REZ SALA<\/strong> wird sich bem\u00fchen, einen stabilen und dauerhaften Service zu bieten, garantiert jedoch in keinem Fall die Kontinuit\u00e4t des Betriebs oder die Funktionsf\u00e4higkeit und Verf\u00fcgbarkeit der Website aus Gr\u00fcnden, die au\u00dferhalb ihrer Verantwortung liegen. <strong>M\u00aa \u00c1NGELES P\u00c9REZ SALA<\/strong> haftet nicht f\u00fcr direkte oder indirekte Sch\u00e4den, einschlie\u00dflich Sch\u00e4den an Computersystemen und der Einschleppung von Viren in das Netz, die sich aus dem f\u00fcr die Nutzung dieser Website erforderlichen Surfen im Internet ergeben. Aus diesem Grund wird unter keinen Umst\u00e4nden eine Entsch\u00e4digung f\u00fcr m\u00f6gliche Probleme aufgrund von Systemst\u00f6rungen gezahlt.<\/p>\n\n\n\n<p><strong>6.5. Pflichten der Nutzer:<\/strong><\/p>\n\n\n\n<p>Der Nutzer haftet f\u00fcr die Sch\u00e4den, die <strong>M\u00aa \u00c1NGELES P\u00c9REZ SALA<\/strong> die sich aus der Nichteinhaltung einer der in diesem rechtlichen Hinweis genannten Verpflichtungen durch den Nutzer ergeben k\u00f6nnen. Der Nutzer ist in jedem Fall f\u00fcr die Richtigkeit der angegebenen Daten verantwortlich und beh\u00e4lt sich vor <strong>M\u00aa \u00c1NGELES P\u00c9REZ SALA<\/strong> das Recht, jeden Nutzer, der falsche Angaben gemacht hat, von den registrierten Diensten auszuschlie\u00dfen und den beantragten Versicherungsvertrag zu k\u00fcndigen, unbeschadet anderer rechtlicher Schritte, die ergriffen werden k\u00f6nnen. Der Nutzer darf diesen Dienst nicht nutzen, um illegales, bedrohliches, verleumderisches oder anderweitig anst\u00f6\u00dfiges Material zu \u00fcbermitteln. Ebenso wenig darf der Nutzer die Inhalte von <strong>M\u00aa \u00c1NGELES P\u00c9REZ SALA<\/strong>Die Verwendung, Vervielf\u00e4ltigung, \u00c4nderung oder Umwandlung von Informationen, die auf dieser Website enthalten sind, ist verboten. Jede Information, die auf der Website <strong>M\u00aa \u00c1NGELES P\u00c9REZ SALA<\/strong> und auf einer externen Seite angezeigt werden, m\u00fcssen sie unter Angabe der Quelle, d.h. des Namens der Website und des Links oder der Seite, von der die Informationen stammen, angezeigt werden. Der Nutzer verpflichtet sich, beim Surfen die jeweils geltenden Empfehlungen sorgf\u00e4ltig und gewissenhaft zu beachten. <strong>M\u00aa \u00c1NGELES P\u00c9REZ SALA<\/strong> im Zusammenhang mit der Nutzung der Website. F\u00fcr diese Zwecke <strong>M\u00aa \u00c1NGELES P\u00c9REZ SALA<\/strong> werden den Nutzern auf jedem Kommunikationsweg \u00fcber die Website mitgeteilt.<\/p>\n\n\n\n<p><strong>7. Dauer und \u00c4nderung:<\/strong><\/p>\n\n\n\n<p><strong>M\u00aa \u00c1NGELES P\u00c9REZ SALA<\/strong> hat das Recht, die hier festgelegten Bedingungen einseitig ganz oder teilweise zu \u00e4ndern. Etwaige \u00c4nderungen werden den Nutzern in der gleichen Weise zur Kenntnis gebracht, wie sie in diesem rechtlichen Hinweis erscheinen. Die vorl\u00e4ufige G\u00fcltigkeit des vorliegenden rechtlichen Hinweises f\u00e4llt daher mit dem Zeitpunkt seiner Ver\u00f6ffentlichung zusammen, bis sie ganz oder teilweise ge\u00e4ndert werden durch <strong>M\u00aa \u00c1NGELES P\u00c9REZ SALA<\/strong>. <strong>M\u00aa \u00c1NGELES P\u00c9REZ SALA<\/strong> kann den Betrieb dieser Website einseitig beenden, aussetzen oder unterbrechen, ohne die M\u00f6glichkeit, eine Entsch\u00e4digung vom Nutzer zu verlangen. Bei einer solchen Beendigung muss der Nutzer alle Informationen \u00fcber <strong>M\u00aa \u00c1NGELES P\u00c9REZ SALA<\/strong> die sie in irgendeinem Format besitzt und die sie \u00fcber die Website oder durch individuelle Mitteilungen an den Nutzer erhalten hat. <strong>M\u00aa \u00c1NGELES P\u00c9REZ SALA<\/strong> ist nicht verpflichtet, Inhalte aufrechtzuerhalten oder ungelesene oder nicht gesendete Nachrichten an den Nutzer oder an Dritte weiterzuleiten.<\/p>\n\n\n\n<p><strong>8. Gesetzgebung und Rechtsprechung:<\/strong><\/p>\n\n\n\n<p>Die vorliegenden Nutzungsbedingungen unterliegen dem spanischen Recht. Die Bedingungen, die auf dieser Website erscheinen, unterliegen in allen F\u00e4llen den Gesetzen und Gerichten von Spanien. Im Falle von Streitigkeiten zwischen dem Benutzer und <strong>M\u00aa \u00c1NGELES P\u00c9REZ SALA<\/strong>Die Parteien vereinbaren ausdr\u00fccklich, sich in Bezug auf die Erbringung der Dienstleistung den Gerichten von San Miguel de Salinas (Spanien) zu unterwerfen, und verzichten ausdr\u00fccklich auf jede andere Zust\u00e4ndigkeit.<\/p>\n\n\n<!-- wp:themify-builder\/canvas \/-->","protected":false},"excerpt":{"rendered":"<p>1. Condiciones generales: Esta nota legal contiene las condiciones que regulan el uso y acceso al sitio web https:\/\/www.perezsala.com (en adelante sitio o web) y las responsabilidades derivadas de su utilizaci\u00f3n, en cumplimiento con la Ley 34\/2002, de 11 de julio, de Servicios de la Sociedad de la Informaci\u00f3n y el Comercio Electr\u00f3nico (en adelante, [&hellip;]<\/p>\n","protected":false},"author":1,"featured_media":0,"parent":0,"menu_order":0,"comment_status":"closed","ping_status":"closed","template":"","meta":{"_joinchat":[],"footnotes":""},"class_list":["post-108","page","type-page","status-publish","hentry","has-post-title","has-post-date","has-post-category","has-post-tag","has-post-comment","has-post-author",""],"yoast_head":"<!-- This site is optimized with the Yoast SEO plugin v27.3 - https:\/\/yoast.com\/product\/yoast-seo-wordpress\/ -->\n<title>Aviso legal - Mar\u00eda \u00c1ngeles P\u00e9rez Sala<\/title>\n<meta name=\"robots\" content=\"index, follow, max-snippet:-1, max-image-preview:large, max-video-preview:-1\" \/>\n<link rel=\"canonical\" href=\"https:\/\/www.perezsala.com\/de\/aviso-legal\/\" \/>\n<meta property=\"og:locale\" content=\"de_DE\" \/>\n<meta property=\"og:type\" content=\"article\" \/>\n<meta property=\"og:title\" content=\"Aviso legal - Mar\u00eda \u00c1ngeles P\u00e9rez Sala\" \/>\n<meta property=\"og:description\" content=\"1. Condiciones generales: Esta nota legal contiene las condiciones que regulan el uso y acceso al sitio web https:\/\/www.perezsala.com (en adelante sitio o web) y las responsabilidades derivadas de su utilizaci\u00f3n, en cumplimiento con la Ley 34\/2002, de 11 de julio, de Servicios de la Sociedad de la Informaci\u00f3n y el Comercio Electr\u00f3nico (en adelante, [&hellip;]\" \/>\n<meta property=\"og:url\" content=\"https:\/\/www.perezsala.com\/de\/aviso-legal\/\" \/>\n<meta property=\"og:site_name\" content=\"Mar\u00eda \u00c1ngeles P\u00e9rez Sala\" \/>\n<meta property=\"article:modified_time\" content=\"2025-01-27T15:53:37+00:00\" \/>\n<meta name=\"twitter:card\" content=\"summary_large_image\" \/>\n<meta name=\"twitter:label1\" content=\"Gesch\u00e4tzte Lesezeit\" \/>\n\t<meta name=\"twitter:data1\" content=\"10\u00a0Minuten\" \/>\n<script type=\"application\/ld+json\" class=\"yoast-schema-graph\">{\"@context\":\"https:\\\/\\\/schema.org\",\"@graph\":[{\"@type\":\"WebPage\",\"@id\":\"https:\\\/\\\/www.perezsala.com\\\/aviso-legal\\\/\",\"url\":\"https:\\\/\\\/www.perezsala.com\\\/aviso-legal\\\/\",\"name\":\"Aviso legal - Mar\u00eda \u00c1ngeles P\u00e9rez Sala\",\"isPartOf\":{\"@id\":\"https:\\\/\\\/www.perezsala.com\\\/#website\"},\"datePublished\":\"2025-01-27T15:29:17+00:00\",\"dateModified\":\"2025-01-27T15:53:37+00:00\",\"breadcrumb\":{\"@id\":\"https:\\\/\\\/www.perezsala.com\\\/aviso-legal\\\/#breadcrumb\"},\"inLanguage\":\"de\",\"potentialAction\":[{\"@type\":\"ReadAction\",\"target\":[\"https:\\\/\\\/www.perezsala.com\\\/aviso-legal\\\/\"]}]},{\"@type\":\"BreadcrumbList\",\"@id\":\"https:\\\/\\\/www.perezsala.com\\\/aviso-legal\\\/#breadcrumb\",\"itemListElement\":[{\"@type\":\"ListItem\",\"position\":1,\"name\":\"Portada\",\"item\":\"https:\\\/\\\/www.perezsala.com\\\/\"},{\"@type\":\"ListItem\",\"position\":2,\"name\":\"Aviso legal\"}]},{\"@type\":\"WebSite\",\"@id\":\"https:\\\/\\\/www.perezsala.com\\\/#website\",\"url\":\"https:\\\/\\\/www.perezsala.com\\\/\",\"name\":\"Mar\u00eda \u00c1ngeles P\u00e9rez Sala\",\"description\":\"Allianz Seguros\",\"potentialAction\":[{\"@type\":\"SearchAction\",\"target\":{\"@type\":\"EntryPoint\",\"urlTemplate\":\"https:\\\/\\\/www.perezsala.com\\\/?s={search_term_string}\"},\"query-input\":{\"@type\":\"PropertyValueSpecification\",\"valueRequired\":true,\"valueName\":\"search_term_string\"}}],\"inLanguage\":\"de\"}]}<\/script>\n<!-- \/ Yoast SEO plugin. -->","yoast_head_json":{"title":"Aviso legal - Mar\u00eda \u00c1ngeles P\u00e9rez Sala","robots":{"index":"index","follow":"follow","max-snippet":"max-snippet:-1","max-image-preview":"max-image-preview:large","max-video-preview":"max-video-preview:-1"},"canonical":"https:\/\/www.perezsala.com\/de\/aviso-legal\/","og_locale":"de_DE","og_type":"article","og_title":"Aviso legal - Mar\u00eda \u00c1ngeles P\u00e9rez Sala","og_description":"1. Condiciones generales: Esta nota legal contiene las condiciones que regulan el uso y acceso al sitio web https:\/\/www.perezsala.com (en adelante sitio o web) y las responsabilidades derivadas de su utilizaci\u00f3n, en cumplimiento con la Ley 34\/2002, de 11 de julio, de Servicios de la Sociedad de la Informaci\u00f3n y el Comercio Electr\u00f3nico (en adelante, [&hellip;]","og_url":"https:\/\/www.perezsala.com\/de\/aviso-legal\/","og_site_name":"Mar\u00eda \u00c1ngeles P\u00e9rez Sala","article_modified_time":"2025-01-27T15:53:37+00:00","twitter_card":"summary_large_image","twitter_misc":{"Gesch\u00e4tzte Lesezeit":"10\u00a0Minuten"},"schema":{"@context":"https:\/\/schema.org","@graph":[{"@type":"WebPage","@id":"https:\/\/www.perezsala.com\/aviso-legal\/","url":"https:\/\/www.perezsala.com\/aviso-legal\/","name":"Aviso legal - Mar\u00eda \u00c1ngeles P\u00e9rez Sala","isPartOf":{"@id":"https:\/\/www.perezsala.com\/#website"},"datePublished":"2025-01-27T15:29:17+00:00","dateModified":"2025-01-27T15:53:37+00:00","breadcrumb":{"@id":"https:\/\/www.perezsala.com\/aviso-legal\/#breadcrumb"},"inLanguage":"de","potentialAction":[{"@type":"ReadAction","target":["https:\/\/www.perezsala.com\/aviso-legal\/"]}]},{"@type":"BreadcrumbList","@id":"https:\/\/www.perezsala.com\/aviso-legal\/#breadcrumb","itemListElement":[{"@type":"ListItem","position":1,"name":"Portada","item":"https:\/\/www.perezsala.com\/"},{"@type":"ListItem","position":2,"name":"Aviso legal"}]},{"@type":"WebSite","@id":"https:\/\/www.perezsala.com\/#website","url":"https:\/\/www.perezsala.com\/","name":"Mar\u00eda \u00c1ngeles P\u00e9rez Sala","description":"Allianz Versicherung","potentialAction":[{"@type":"SearchAction","target":{"@type":"EntryPoint","urlTemplate":"https:\/\/www.perezsala.com\/?s={search_term_string}"},"query-input":{"@type":"PropertyValueSpecification","valueRequired":true,"valueName":"search_term_string"}}],"inLanguage":"de"}]}},"builder_content":"","_links":{"self":[{"href":"https:\/\/www.perezsala.com\/de\/wp-json\/wp\/v2\/pages\/108","targetHints":{"allow":["GET"]}}],"collection":[{"href":"https:\/\/www.perezsala.com\/de\/wp-json\/wp\/v2\/pages"}],"about":[{"href":"https:\/\/www.perezsala.com\/de\/wp-json\/wp\/v2\/types\/page"}],"author":[{"embeddable":true,"href":"https:\/\/www.perezsala.com\/de\/wp-json\/wp\/v2\/users\/1"}],"replies":[{"embeddable":true,"href":"https:\/\/www.perezsala.com\/de\/wp-json\/wp\/v2\/comments?post=108"}],"version-history":[{"count":5,"href":"https:\/\/www.perezsala.com\/de\/wp-json\/wp\/v2\/pages\/108\/revisions"}],"predecessor-version":[{"id":133,"href":"https:\/\/www.perezsala.com\/de\/wp-json\/wp\/v2\/pages\/108\/revisions\/133"}],"wp:attachment":[{"href":"https:\/\/www.perezsala.com\/de\/wp-json\/wp\/v2\/media?parent=108"}],"curies":[{"name":"wp","href":"https:\/\/api.w.org\/{rel}","templated":true}]}}