{"id":105,"date":"2025-01-27T16:29:03","date_gmt":"2025-01-27T15:29:03","guid":{"rendered":"https:\/\/www.perezsala.com\/politica-de-privacidad-copy\/"},"modified":"2025-01-27T16:46:42","modified_gmt":"2025-01-27T15:46:42","slug":"politica-cookies","status":"publish","type":"page","link":"https:\/\/www.perezsala.com\/de\/politica-cookies\/","title":{"rendered":"Cookies-Politik"},"content":{"rendered":"<p>Willkommen bei der <strong>COOKIES-POLITIK<\/strong> der Website des Unternehmens <strong>MAR\u00cdA \u00c1NGELES P\u00c9REZ SALA<\/strong>mit Steueridentifikationsnummer <strong>45560120H<\/strong>in dem wir Ihnen in klarer und einfacher Sprache alle notwendigen Fragen erl\u00e4utern, damit Sie diese auf der Grundlage Ihrer pers\u00f6nlichen Entscheidungen selbst in die Hand nehmen k\u00f6nnen.<\/p>\n\n\n\n<h3 class=\"wp-block-heading\"><strong>WAS SIND COOKIES UND WOZU VERWENDEN WIR SIE?<\/strong><\/h3>\n\n\n\n<p>Ein Cookie ist eine kleine Informationsdatei, die auf Ihrem Computer, Smartphone oder Tablet gespeichert wird, wenn Sie unsere Website besuchen.<\/p>\n\n\n\n<p>Im Prinzip ist ein Cookie harmlos: Es enth\u00e4lt keine Viren, Trojaner, W\u00fcrmer usw., die Ihr Endger\u00e4t besch\u00e4digen k\u00f6nnten, aber es hat gewisse Auswirkungen auf Ihr Recht auf den Schutz Ihrer pers\u00f6nlichen Daten, da es bestimmte Informationen \u00fcber Sie sammelt (Surfgewohnheiten, Identit\u00e4t, Vorlieben usw.).<\/p>\n\n\n\n<p>Aus diesem Grund erfordert die Aktivierung bestimmter Arten von Cookies gem\u00e4\u00df den Bestimmungen der geltenden Gesetzgebung (LSSI und aktuelle Gesetzgebung zum Schutz personenbezogener Daten) Ihre vorherige Zustimmung.<\/p>\n\n\n\n<p>Zuvor werden wir Ihnen einige zus\u00e4tzliche Informationen geben, die Ihnen helfen werden, eine bessere Entscheidung zu treffen:<\/p>\n\n\n\n<ol class=\"wp-block-list\">\n<li>Cookies k\u00f6nnen je nach ihrem Zweck verschiedene Arten von Cookies sein:<\/li>\n<\/ol>\n\n\n\n<ul class=\"wp-block-list\">\n<li>Technische Cookies sind f\u00fcr das Funktionieren unserer Website erforderlich. Sie bed\u00fcrfen nicht Ihrer Zustimmung und sind die einzigen, die wir standardm\u00e4\u00dfig aktiviert haben.<\/li>\n\n\n\n<li>Die anderen Cookies werden verwendet, um unsere Website zu verbessern, um sie auf der Grundlage Ihrer Pr\u00e4ferenzen zu personalisieren oder um Ihnen Werbung zu zeigen, die auf Ihre Suchanfragen, Ihren Geschmack und Ihre pers\u00f6nlichen Interessen zugeschnitten ist. Sie k\u00f6nnen alle diese Cookies akzeptieren, indem Sie auf die Schaltfl\u00e4che <strong>ACCEPT<\/strong> oder konfigurieren oder ihre Verwendung ablehnen, indem Sie auf den Abschnitt <strong>COOKIE-EINSTELLUNGEN<\/strong>.<\/li>\n<\/ul>\n\n\n\n<ol start=\"2\" class=\"wp-block-list\">\n<li>Einige Cookies sind unsere eigenen (wir bezeichnen sie als <strong>eigene Cookies<\/strong>) und andere geh\u00f6ren zu externen Unternehmen, die Dienstleistungen f\u00fcr unsere Website erbringen (wir nennen sie <strong>Drittanbieter-Cookies<\/strong>(ein Beispiel k\u00f6nnten Cookies von externen Anbietern wie Google sein). In diesem Zusammenhang ist es wichtig f\u00fcr Sie zu wissen, dass einige dieser externen Anbieter ihren Sitz au\u00dferhalb Spaniens haben k\u00f6nnen.<\/li>\n<\/ol>\n\n\n\n<p>Weltweit haben nicht alle L\u00e4nder das gleiche Datenschutzniveau, wobei einige L\u00e4nder sicherer sind als andere (die Europ\u00e4ische Union ist zum Beispiel eine sichere Umgebung f\u00fcr Ihre Daten). Unsere Politik ist es, vertrauensw\u00fcrdige Anbieter zu nutzen, die, unabh\u00e4ngig davon, ob sie in der Europ\u00e4ischen Union ans\u00e4ssig sind oder nicht, angemessene Sicherheitsvorkehrungen f\u00fcr den Schutz Ihrer personenbezogenen Daten getroffen haben. Im Abschnitt mit dem Titel <strong>WELCHE ART VON COOKIES WERDEN DERZEIT AUF UNSERER WEBSITE VERWENDET?<\/strong>Wenn Sie in Kenntnis der Sachlage entscheiden m\u00f6chten, ob Sie die Datenschutz- und Datensicherheitsrichtlinien jedes dieser externen Anbieter aktivieren wollen oder nicht, k\u00f6nnen Sie die verschiedenen Datenschutz- und Datensicherheitsrichtlinien jedes dieser externen Anbieter konsultieren, um in Kenntnis der Sachlage zu entscheiden, ob Sie die Datenschutz- und Datensicherheitsrichtlinien aktivieren wollen oder nicht. <strong>Drittanbieter-Cookies<\/strong> \u00fcber unsere Website.<\/p>\n\n\n\n<ol start=\"3\" class=\"wp-block-list\">\n<li>Abschlie\u00dfend m\u00f6chten wir darauf hinweisen, dass es zwei Arten von Cookies gibt, je nachdem, wie lange sie aktiv bleiben:<\/li>\n<\/ol>\n\n\n\n<ul class=\"wp-block-list\">\n<li><strong>Sitzungs-Cookies:<\/strong> automatisch ablaufen, wenn Sie sich von Ihrem Computer, Smartphone oder Tablet abmelden. Sie werden oft verwendet, um die notwendigen Informationen zu speichern, w\u00e4hrend Ihnen ein Dienst einmalig zur Verf\u00fcgung gestellt wird.<\/li>\n\n\n\n<li><strong>Dauerhafte Cookies: <\/strong>bleiben auf Ihrem Computer, Smartphone oder Tablet f\u00fcr einen bestimmten Zeitraum gespeichert, der von wenigen Minuten bis zu mehreren Jahren reichen kann.<\/li>\n<\/ul>\n\n\n\n<h3 class=\"wp-block-heading\"><strong>WELCHE ART VON COOKIES K\u00d6NNEN WIR AUF UNSERER WEBSITE VERWENDEN?<\/strong><\/h3>\n\n\n\n<h5 class=\"wp-block-heading\">Technische Cookies:<\/h5>\n\n\n\n<p>Technische Cookies sind unbedingt erforderlich, damit unsere Website funktioniert und Sie auf ihr surfen k\u00f6nnen. Bei dieser Art von Cookies handelt es sich um solche, die es uns beispielsweise erm\u00f6glichen, Sie zu identifizieren, Ihnen gegebenenfalls Zugang zu bestimmten eingeschr\u00e4nkten Teilen der Seite zu gew\u00e4hren oder sich an verschiedene von Ihnen bereits ausgew\u00e4hlte Optionen oder Dienste zu erinnern, wie z. B. Ihre Datenschutzeinstellungen. Aus diesem Grund, <strong>sind standardm\u00e4\u00dfig aktiviert, und Ihre Genehmigung ist nicht erforderlich.<\/strong>.<\/p>\n\n\n\n<p>\u00dcber die Einstellungen Ihres Browsers k\u00f6nnen Sie das Vorhandensein dieser Art von Cookies blockieren oder Sie darauf aufmerksam machen, obwohl eine solche Blockierung das ordnungsgem\u00e4\u00dfe Funktionieren der verschiedenen Funktionen unserer Website beeintr\u00e4chtigen wird.<\/p>\n\n\n\n<h5 class=\"wp-block-heading\">Analytische Cookies:<\/h5>\n\n\n\n<p>Analytics-Cookies erm\u00f6glichen es uns, das Nutzerverhalten auf unserer Website im Allgemeinen zu untersuchen (z. B. welche Bereiche der Website am h\u00e4ufigsten besucht werden, welche Dienste am meisten genutzt werden und ob sie korrekt funktionieren usw.).<\/p>\n\n\n\n<p>Auf der Grundlage statistischer Informationen \u00fcber das Surfen auf unserer Website k\u00f6nnen wir sowohl den Betrieb der Website selbst als auch die verschiedenen angebotenen Dienste verbessern. Daher werden diese Cookies <strong>sind nicht f\u00fcr Werbezwecke bestimmt<\/strong>Sie dienen lediglich dazu, unsere Website zu verbessern und sie an die Bed\u00fcrfnisse unserer Nutzer anzupassen. Indem Sie sie aktivieren, tragen Sie zu dieser kontinuierlichen Verbesserung bei.<\/p>\n\n\n\n<p><strong>Sie k\u00f6nnen diese Cookies aktivieren oder deaktivieren, indem Sie das entsprechende K\u00e4stchen anklicken.<\/strong>In der Standardeinstellung sind sie standardm\u00e4\u00dfig deaktiviert.<\/p>\n\n\n\n<h5 class=\"wp-block-heading\">Funktionalit\u00e4ts- und Personalisierungs-Cookies:<\/h5>\n\n\n\n<p>Funktions-Cookies erm\u00f6glichen es uns, Ihre Pr\u00e4ferenzen zu speichern und bestimmte Funktionen und allgemeine Optionen unserer Website bei jedem Zugriff anzupassen (z. B. die Sprache, in der Ihnen die Informationen pr\u00e4sentiert werden, die als Favoriten gekennzeichneten Bereiche, Ihr Browsertyp usw.).<\/p>\n\n\n\n<p>Daher ist diese Art von Cookies <strong>sind nicht f\u00fcr Werbezwecke bestimmt<\/strong>Durch ihre Aktivierung verbessern Sie die Funktionalit\u00e4t der Website (z. B. durch Anpassung an Ihren Browsertyp) und die Personalisierung der Website auf der Grundlage Ihrer Pr\u00e4ferenzen (z. B. durch Darstellung der Informationen in der Sprache, die Sie in der Vergangenheit gew\u00e4hlt haben), was zur Erleichterung, Benutzerfreundlichkeit und zum Komfort unserer Website w\u00e4hrend Ihres Besuchs beitr\u00e4gt.<\/p>\n\n\n\n<p><strong>Sie k\u00f6nnen diese Cookies aktivieren oder deaktivieren, indem Sie das entsprechende K\u00e4stchen anklicken.<\/strong>In der Standardeinstellung sind sie standardm\u00e4\u00dfig deaktiviert.<\/p>\n\n\n\n<h5 class=\"wp-block-heading\">Werbe-Cookies:<\/h5>\n\n\n\n<p>Werbe-Cookies erm\u00f6glichen es uns, die Werbefl\u00e4chen auf unserer Website nach Kriterien wie dem gezeigten Inhalt oder der H\u00e4ufigkeit der Anzeigen zu verwalten.<\/p>\n\n\n\n<p>Wenn Ihnen beispielsweise dieselbe Werbung mehrmals auf unserer Website angezeigt wurde und Sie kein pers\u00f6nliches Interesse gezeigt haben, indem Sie sie angeklickt haben, wird sie nicht erneut erscheinen. Kurz gesagt, durch die Aktivierung dieser Art von Cookie wird die auf unserer Website angezeigte Werbung n\u00fctzlicher und vielf\u00e4ltiger und weniger repetitiv sein.<\/p>\n\n\n\n<p><strong>Sie k\u00f6nnen diese Cookies aktivieren oder deaktivieren, indem Sie das entsprechende K\u00e4stchen anklicken.<\/strong>In der Standardeinstellung sind sie standardm\u00e4\u00dfig deaktiviert.<\/p>\n\n\n\n<h5 class=\"wp-block-heading\">Cookies f\u00fcr verhaltensbasierte Werbung:<\/h5>\n\n\n\n<p>Cookies f\u00fcr verhaltensbasierte Werbung erm\u00f6glichen es uns, Informationen zu erhalten, die auf der Beobachtung Ihrer Surfgewohnheiten und Ihres Verhaltens auf der Website beruhen, um Ihnen Werbeinhalte zu zeigen, die besser auf Ihren pers\u00f6nlichen Geschmack und Ihre Interessen abgestimmt sind.<\/p>\n\n\n\n<p>Zum besseren Verst\u00e4ndnis geben wir Ihnen ein fiktives Beispiel: Wenn Ihre letzten Suchanfragen im Internet mit Thriller-Literatur zu tun hatten, w\u00fcrden wir Ihnen Anzeigen f\u00fcr Thriller-B\u00fccher zeigen.<\/p>\n\n\n\n<p>Wenn Sie diese Art von Cookie aktivieren, wird die Werbung, die wir Ihnen auf unserer Website zeigen, nicht allgemein sein, sondern auf Ihre Suchanfragen, Ihren Geschmack und Ihre Interessen abgestimmt sein und somit ausschlie\u00dflich auf Sie zugeschnitten sein.<\/p>\n\n\n\n<p><strong>Sie k\u00f6nnen diese Cookies aktivieren oder deaktivieren, indem Sie das entsprechende K\u00e4stchen anklicken.<\/strong>In der Standardeinstellung sind sie standardm\u00e4\u00dfig deaktiviert.<\/p>\n\n\n\n<h3 class=\"wp-block-heading\"><strong>WAS KANN MAN MIT KEKSEN MACHEN?<\/strong><\/h3>\n\n\n\n<p>Wenn Sie zum ersten Mal auf unsere Website zugreifen, wird Ihnen ein Fenster angezeigt, in dem wir Sie dar\u00fcber informieren, dass es verschiedene Arten von Cookies geben kann:<\/p>\n\n\n\n<ul class=\"wp-block-list\">\n<li>Technische Cookies sind f\u00fcr das Funktionieren unserer Website erforderlich. Sie bed\u00fcrfen nicht Ihrer Zustimmung und sind die einzigen, die wir standardm\u00e4\u00dfig aktiviert haben.<\/li>\n\n\n\n<li>Die anderen Cookies werden verwendet, um unsere Website zu verbessern, um sie auf der Grundlage Ihrer Pr\u00e4ferenzen zu personalisieren oder um Ihnen Werbung zu zeigen, die auf Ihre Suchanfragen, Ihren Geschmack und Ihre pers\u00f6nlichen Interessen zugeschnitten ist. Sie k\u00f6nnen alle diese Cookies akzeptieren, indem Sie auf die Schaltfl\u00e4che <strong>ACCEPT<\/strong> oder konfigurieren oder ihre Verwendung ablehnen, indem Sie auf den Abschnitt <strong>COOKIE-EINSTELLUNGEN<\/strong>.<\/li>\n<\/ul>\n\n\n\n<p>Bitte beachten Sie auch, dass Sie, sobald Sie eine Art von Cookies aktiviert haben, die M\u00f6glichkeit haben, diese jederzeit zu deaktivieren, indem Sie einfach das entsprechende K\u00e4stchen im Abschnitt <strong>COOKIE-EINSTELLUNGEN <\/strong>auf unserer Website. Es wird f\u00fcr Sie immer so einfach sein, unsere eigenen Cookies zu aktivieren, wie sie zu deaktivieren.<\/p>\n\n\n\n<p>Wir m\u00f6chten Sie auch daran erinnern, dass Sie \u00fcber die Einstellungen Ihres Browsers das Vorhandensein von Cookies blockieren oder darauf hinweisen k\u00f6nnen, auch wenn diese Blockierung das korrekte Funktionieren der verschiedenen Funktionalit\u00e4ten unserer Website im Falle der notwendigen technischen Cookies beeintr\u00e4chtigen kann.<\/p>\n\n\n\n<p>Bitte beachten Sie, dass Sie bei der Aktivierung von <strong>Drittanbieter-Cookies<\/strong> (externe Unternehmen, die Dienstleistungen f\u00fcr unsere Website erbringen) und Sie diese sp\u00e4ter deaktivieren m\u00f6chten, k\u00f6nnen Sie dies auf zwei Arten tun: \u00fcber die Deaktivierungswerkzeuge Ihres Browsers oder \u00fcber die von diesen externen Anbietern eingerichteten Systeme.<\/p>\n\n\n\n<p>Um Ihnen die Arbeit zu erleichtern, finden Sie hier eine Reihe von Links zu den Leitlinien f\u00fcr die Deaktivierung von Cookies in den g\u00e4ngigsten Browsern:<\/p>\n\n\n\n<ul class=\"wp-block-list\">\n<li><a href=\"https:\/\/support.google.com\/accounts\/answer\/61416?co=GENIE.Platform%3DDesktop&amp;hl=es\">Google Chrome<\/a>.<\/li>\n\n\n\n<li><a href=\"https:\/\/support.mozilla.org\/es\/kb\/Borrar%20cookies\">Mozilla Firefox<\/a>.<\/li>\n\n\n\n<li><a href=\"https:\/\/support.microsoft.com\/es-es\/help\/278835\/how-to-delete-cookie-files-in-internet-explorer\">Internet Explorer<\/a>.<\/li>\n\n\n\n<li><a href=\"https:\/\/support.apple.com\/es-es\/guide\/safari\/sfri11471\/mac\">Safari<\/a>.<\/li>\n\n\n\n<li><a href=\"https:\/\/support.apple.com\/es-es\/HT201265\">Safari f\u00fcr iOS (iPhone und iPad)<\/a>.<\/li>\n\n\n\n<li><a href=\"https:\/\/support.google.com\/accounts\/answer\/61416?co=GENIE.Platform%3DAndroid&amp;hl=es&amp;oco=1\">Google Chrome f\u00fcr Android<\/a>.<\/li>\n\n\n\n<li><a href=\"https:\/\/support.google.com\/accounts\/answer\/61416?co=GENIE.Platform%3DiOS&amp;hl=es&amp;oco=1\">Google Chrome f\u00fcr iPhone und iPad<\/a>.<\/li>\n<\/ul>\n\n<!--themify_builder_content-->\n<div id=\"themify_builder_content-105\" data-postid=\"105\" class=\"themify_builder_content themify_builder_content-105 themify_builder tf_clear\">\n                    <div  data-lazy=\"1\" class=\"module_row themify_builder_row tb_vz2s681 tb_first tf_w\">\n                        <div class=\"row_inner col_align_top tb_col_count_1 tf_box tf_rel\">\n                        <div  data-lazy=\"1\" class=\"module_column tb-column col-full tb_a3ks681 first\">\n                            <\/div>\n                        <\/div>\n        <\/div>\n        <\/div>\n<!--\/themify_builder_content-->","protected":false},"excerpt":{"rendered":"<p>Bienvenida\/o a la POL\u00cdTICA DE COOKIES de la p\u00e1gina web de la entidad MAR\u00cdA \u00c1NGELES P\u00c9REZ SALA, provista de NIF 45560120H, donde te explicaremos en un lenguaje claro y sencillo todas las cuestiones necesarias para que puedas tener el control sobre ellas en base a tus decisiones personales. \u00bfQU\u00c9 SON LAS COOKIES Y PARA QU\u00c9 [&hellip;]<\/p>\n","protected":false},"author":1,"featured_media":0,"parent":0,"menu_order":0,"comment_status":"closed","ping_status":"closed","template":"","meta":{"_joinchat":[],"footnotes":""},"class_list":["post-105","page","type-page","status-publish","hentry","has-post-title","has-post-date","has-post-category","has-post-tag","has-post-comment","has-post-author",""],"yoast_head":"<!-- This site is optimized with the Yoast SEO plugin v27.3 - https:\/\/yoast.com\/product\/yoast-seo-wordpress\/ -->\n<title>Pol\u00edtica de cookies - Mar\u00eda \u00c1ngeles P\u00e9rez Sala<\/title>\n<meta name=\"robots\" content=\"index, follow, max-snippet:-1, max-image-preview:large, max-video-preview:-1\" \/>\n<link rel=\"canonical\" href=\"https:\/\/www.perezsala.com\/de\/politica-cookies\/\" \/>\n<meta property=\"og:locale\" content=\"de_DE\" \/>\n<meta property=\"og:type\" content=\"article\" \/>\n<meta property=\"og:title\" content=\"Pol\u00edtica de cookies - Mar\u00eda \u00c1ngeles P\u00e9rez Sala\" \/>\n<meta property=\"og:description\" content=\"Bienvenida\/o a la POL\u00cdTICA DE COOKIES de la p\u00e1gina web de la entidad MAR\u00cdA \u00c1NGELES P\u00c9REZ SALA, provista de NIF 45560120H, donde te explicaremos en un lenguaje claro y sencillo todas las cuestiones necesarias para que puedas tener el control sobre ellas en base a tus decisiones personales. \u00bfQU\u00c9 SON LAS COOKIES Y PARA QU\u00c9 [&hellip;]\" \/>\n<meta property=\"og:url\" content=\"https:\/\/www.perezsala.com\/de\/politica-cookies\/\" \/>\n<meta property=\"og:site_name\" content=\"Mar\u00eda \u00c1ngeles P\u00e9rez Sala\" \/>\n<meta property=\"article:modified_time\" content=\"2025-01-27T15:46:42+00:00\" \/>\n<meta name=\"twitter:card\" content=\"summary_large_image\" \/>\n<meta name=\"twitter:label1\" content=\"Gesch\u00e4tzte Lesezeit\" \/>\n\t<meta name=\"twitter:data1\" content=\"8\u00a0Minuten\" \/>\n<script type=\"application\/ld+json\" class=\"yoast-schema-graph\">{\"@context\":\"https:\\\/\\\/schema.org\",\"@graph\":[{\"@type\":\"WebPage\",\"@id\":\"https:\\\/\\\/www.perezsala.com\\\/politica-cookies\\\/\",\"url\":\"https:\\\/\\\/www.perezsala.com\\\/politica-cookies\\\/\",\"name\":\"Pol\u00edtica de cookies - Mar\u00eda \u00c1ngeles P\u00e9rez Sala\",\"isPartOf\":{\"@id\":\"https:\\\/\\\/www.perezsala.com\\\/#website\"},\"datePublished\":\"2025-01-27T15:29:03+00:00\",\"dateModified\":\"2025-01-27T15:46:42+00:00\",\"breadcrumb\":{\"@id\":\"https:\\\/\\\/www.perezsala.com\\\/politica-cookies\\\/#breadcrumb\"},\"inLanguage\":\"de\",\"potentialAction\":[{\"@type\":\"ReadAction\",\"target\":[\"https:\\\/\\\/www.perezsala.com\\\/politica-cookies\\\/\"]}]},{\"@type\":\"BreadcrumbList\",\"@id\":\"https:\\\/\\\/www.perezsala.com\\\/politica-cookies\\\/#breadcrumb\",\"itemListElement\":[{\"@type\":\"ListItem\",\"position\":1,\"name\":\"Portada\",\"item\":\"https:\\\/\\\/www.perezsala.com\\\/\"},{\"@type\":\"ListItem\",\"position\":2,\"name\":\"Pol\u00edtica de cookies\"}]},{\"@type\":\"WebSite\",\"@id\":\"https:\\\/\\\/www.perezsala.com\\\/#website\",\"url\":\"https:\\\/\\\/www.perezsala.com\\\/\",\"name\":\"Mar\u00eda \u00c1ngeles P\u00e9rez Sala\",\"description\":\"Allianz Seguros\",\"potentialAction\":[{\"@type\":\"SearchAction\",\"target\":{\"@type\":\"EntryPoint\",\"urlTemplate\":\"https:\\\/\\\/www.perezsala.com\\\/?s={search_term_string}\"},\"query-input\":{\"@type\":\"PropertyValueSpecification\",\"valueRequired\":true,\"valueName\":\"search_term_string\"}}],\"inLanguage\":\"de\"}]}<\/script>\n<!-- \/ Yoast SEO plugin. -->","yoast_head_json":{"title":"Pol\u00edtica de cookies - Mar\u00eda \u00c1ngeles P\u00e9rez Sala","robots":{"index":"index","follow":"follow","max-snippet":"max-snippet:-1","max-image-preview":"max-image-preview:large","max-video-preview":"max-video-preview:-1"},"canonical":"https:\/\/www.perezsala.com\/de\/politica-cookies\/","og_locale":"de_DE","og_type":"article","og_title":"Pol\u00edtica de cookies - Mar\u00eda \u00c1ngeles P\u00e9rez Sala","og_description":"Bienvenida\/o a la POL\u00cdTICA DE COOKIES de la p\u00e1gina web de la entidad MAR\u00cdA \u00c1NGELES P\u00c9REZ SALA, provista de NIF 45560120H, donde te explicaremos en un lenguaje claro y sencillo todas las cuestiones necesarias para que puedas tener el control sobre ellas en base a tus decisiones personales. \u00bfQU\u00c9 SON LAS COOKIES Y PARA QU\u00c9 [&hellip;]","og_url":"https:\/\/www.perezsala.com\/de\/politica-cookies\/","og_site_name":"Mar\u00eda \u00c1ngeles P\u00e9rez Sala","article_modified_time":"2025-01-27T15:46:42+00:00","twitter_card":"summary_large_image","twitter_misc":{"Gesch\u00e4tzte Lesezeit":"8\u00a0Minuten"},"schema":{"@context":"https:\/\/schema.org","@graph":[{"@type":"WebPage","@id":"https:\/\/www.perezsala.com\/politica-cookies\/","url":"https:\/\/www.perezsala.com\/politica-cookies\/","name":"Pol\u00edtica de cookies - Mar\u00eda \u00c1ngeles P\u00e9rez Sala","isPartOf":{"@id":"https:\/\/www.perezsala.com\/#website"},"datePublished":"2025-01-27T15:29:03+00:00","dateModified":"2025-01-27T15:46:42+00:00","breadcrumb":{"@id":"https:\/\/www.perezsala.com\/politica-cookies\/#breadcrumb"},"inLanguage":"de","potentialAction":[{"@type":"ReadAction","target":["https:\/\/www.perezsala.com\/politica-cookies\/"]}]},{"@type":"BreadcrumbList","@id":"https:\/\/www.perezsala.com\/politica-cookies\/#breadcrumb","itemListElement":[{"@type":"ListItem","position":1,"name":"Portada","item":"https:\/\/www.perezsala.com\/"},{"@type":"ListItem","position":2,"name":"Pol\u00edtica de cookies"}]},{"@type":"WebSite","@id":"https:\/\/www.perezsala.com\/#website","url":"https:\/\/www.perezsala.com\/","name":"Mar\u00eda \u00c1ngeles P\u00e9rez Sala","description":"Allianz Versicherung","potentialAction":[{"@type":"SearchAction","target":{"@type":"EntryPoint","urlTemplate":"https:\/\/www.perezsala.com\/?s={search_term_string}"},"query-input":{"@type":"PropertyValueSpecification","valueRequired":true,"valueName":"search_term_string"}}],"inLanguage":"de"}]}},"builder_content":"","_links":{"self":[{"href":"https:\/\/www.perezsala.com\/de\/wp-json\/wp\/v2\/pages\/105","targetHints":{"allow":["GET"]}}],"collection":[{"href":"https:\/\/www.perezsala.com\/de\/wp-json\/wp\/v2\/pages"}],"about":[{"href":"https:\/\/www.perezsala.com\/de\/wp-json\/wp\/v2\/types\/page"}],"author":[{"embeddable":true,"href":"https:\/\/www.perezsala.com\/de\/wp-json\/wp\/v2\/users\/1"}],"replies":[{"embeddable":true,"href":"https:\/\/www.perezsala.com\/de\/wp-json\/wp\/v2\/comments?post=105"}],"version-history":[{"count":8,"href":"https:\/\/www.perezsala.com\/de\/wp-json\/wp\/v2\/pages\/105\/revisions"}],"predecessor-version":[{"id":126,"href":"https:\/\/www.perezsala.com\/de\/wp-json\/wp\/v2\/pages\/105\/revisions\/126"}],"wp:attachment":[{"href":"https:\/\/www.perezsala.com\/de\/wp-json\/wp\/v2\/media?parent=105"}],"curies":[{"name":"wp","href":"https:\/\/api.w.org\/{rel}","templated":true}]}}