{"id":54,"date":"2017-03-23T11:37:39","date_gmt":"2017-03-23T10:37:39","guid":{"rendered":"https:\/\/www.perezsala.com\/contact-us-2\/"},"modified":"2025-03-05T11:58:58","modified_gmt":"2025-03-05T10:58:58","slug":"contacto","status":"publish","type":"page","link":"https:\/\/www.perezsala.com\/be\/contacto\/","title":{"rendered":"Neem contact op met"},"content":{"rendered":"<!--themify_builder_content-->\n<div id=\"themify_builder_content-54\" data-postid=\"54\" class=\"themify_builder_content themify_builder_content-54 themify_builder tf_clear\">\n                    <div  data-css_id=\"ddf5721\" data-lazy=\"1\" class=\"module_row themify_builder_row vertical-divider row-newsletter input-bg-white fullwidth tb_ddf5721 tb_first tf_w\">\n            <span class=\"builder_row_cover tf_abs\"><\/span>            <div class=\"row_inner col_align_top tb_col_count_1 tf_box tf_rel\">\n                        <div  data-lazy=\"1\" class=\"module_column tb-column col-full tb_sbf7723 first\">\n                    <!-- module fancy heading -->\n<div  class=\"module module-fancy-heading tb_tc1q724 \" data-lazy=\"1\">\n        <h1 class=\"fancy-heading tf_textc\">\n    <span class=\"main-head tf_block\">\n                    \u00bfNecesitas atenci\u00f3n personalizada?            <\/span>\n\n    \n    <span class=\"sub-head tf_block tf_rel\">\n                    Contacta con Mar\u00eda \u00c1ngeles P\u00e9rez Sala            <\/span>\n    <\/h1>\n<\/div>\n<!-- \/module fancy heading -->\n<!-- module text -->\n<div  class=\"module module-text tb_p2gy725   \" data-lazy=\"1\">\n        <div  class=\"tb_text_wrap\">\n        <p>Ponte en contacto conmigo si necesitas atenci\u00f3n personalizada. Puedes solicitar informaci\u00f3n sin compromiso o incluso puedo llamarte yo cuando mejor te venga para ofrecerte asistencia.<\/p>    <\/div>\n<\/div>\n<!-- \/module text -->        <\/div>\n                        <\/div>\n        <\/div>\n                        <div  data-lazy=\"1\" class=\"module_row themify_builder_row tb_m1m6721 tf_w\">\n            <span class=\"builder_row_cover tf_abs\"><\/span>            <div class=\"row_inner col_align_top tb_col_count_3 tf_box tf_rel\">\n                        <div  data-lazy=\"1\" class=\"module_column tb-column col3-1 tb_b0is725 first\">\n                    <!-- module icon -->\n<div  class=\"module module-icon tb_4pmk725   none icon_vertical tf_textc\" data-lazy=\"1\">\n            <div class=\"module-icon-item\">\n                                                                <em class=\"tf_box\"><svg  class=\"tf_fa tf-fas-phone\" aria-hidden=\"true\"><use href=\"#tf-fas-phone\"><\/use><\/svg><\/em>\n                                                        <\/div>\n    <\/div>\n<!-- \/module icon -->\n<!-- module text -->\n<div  class=\"module module-text tb_122c726   \" data-lazy=\"1\">\n        <div  class=\"tb_text_wrap\">\n        <p>(+34) 965 720 973<\/p>\n<p>(+34)\u00a0635 999 290 <\/p>\n    <\/div>\n<\/div>\n<!-- \/module text -->        <\/div>\n                    <div  data-lazy=\"1\" class=\"module_column tb-column col3-1 tb_3eky726\">\n                    <!-- module icon -->\n<div  class=\"module module-icon tb_hyw5726   none icon_vertical tf_textc\" data-lazy=\"1\">\n            <div class=\"module-icon-item\">\n                                                                <em class=\"tf_box\"><svg  class=\"tf_fa tf-far-map-marker\" aria-hidden=\"true\"><use href=\"#tf-far-map-marker\"><\/use><\/svg><\/em>\n                                                        <\/div>\n    <\/div>\n<!-- \/module icon -->\n<!-- module text -->\n<div  class=\"module module-text tb_2l2r726   \" data-lazy=\"1\">\n        <div  class=\"tb_text_wrap\">\n        <p>Plaza Juan Carlos I n\u00ba8. Bajo<br>03193. San Miguel de Salinas (Alicante).<\/p>    <\/div>\n<\/div>\n<!-- \/module text --><!-- module buttons -->\n<div  class=\"module module-buttons tb_xoot861 buttons-horizontal outline  large squared\" data-lazy=\"1\">\n        <div class=\"module-buttons-item tf_in_flx\">\n                        <a href=\"https:\/\/www.google.es\/maps\/dir\/\/Allianz+Seguros+-+Agente+Maria+Angeles+Perez+Sala,+Pl.+Juan+Carlos+I,+8,+03193+San+Miguel+de+Salinas,+Alicante\/@37.9774925,-0.7915669,17z\/data=!4m17!1m7!3m6!1s0xd63a780ff3a9055:0x493133f2cd4c4231!2sAllianz+Seguros+-+Agente+Maria+Angeles+Perez+Sala!8m2!3d37.9774883!4d-0.788992!16s%2Fg%2F11c0w0lzxc!4m8!1m0!1m5!1m1!1s0xd63a780ff3a9055:0x493133f2cd4c4231!2m2!1d-0.788992!2d37.9774883!3e2?hl=es&#038;entry=ttu&#038;g_ep=EgoyMDI1MDEyNi4wIKXMDSoASAFQAw%3D%3D\" class=\"ui builder_button tf_in_flx blue\" target=\"_blank\" rel=\"noopener\">\n                                    <em><svg  class=\"tf_fa tf-ti-location-pin\" aria-hidden=\"true\"><use href=\"#tf-ti-location-pin\"><\/use><\/svg><\/em>                                        \u00bfC\u00f3mo llegar?                                        <\/a>\n                <\/div>\n            <\/div>\n<!-- \/module buttons -->\n        <\/div>\n                    <div  data-lazy=\"1\" class=\"module_column tb-column col3-1 tb_48ul726 last\">\n                    <!-- module icon -->\n<div  class=\"module module-icon tb_1dsj726   none icon_vertical tf_textc\" data-lazy=\"1\">\n            <div class=\"module-icon-item\">\n                                                                <em class=\"tf_box\"><svg  class=\"tf_fa tf-far-envelope-o\" aria-hidden=\"true\"><use href=\"#tf-far-envelope-o\"><\/use><\/svg><\/em>\n                                                        <\/div>\n    <\/div>\n<!-- \/module icon -->\n<!-- module text -->\n<div  class=\"module module-text tb_mj4r726   \" data-lazy=\"1\">\n        <div  class=\"tb_text_wrap\">\n        <p>hola@perezsala.com<\/p>    <\/div>\n<\/div>\n<!-- \/module text -->        <\/div>\n                        <\/div>\n        <\/div>\n                        <div  data-lazy=\"1\" class=\"module_row themify_builder_row tb_58su721 tf_w\">\n                        <div class=\"row_inner col_align_top gutter-none tb_col_count_3 tf_box tf_rel\">\n                        <div  data-lazy=\"1\" class=\"module_column tb-column col4-1 tb_3clf727 first\">\n                            <\/div>\n                    <div  data-lazy=\"1\" class=\"module_column tb-column col4-2 tb_gyi0727\">\n                    <!-- module fancy heading -->\n<div  class=\"module module-fancy-heading tb_jto1727 \" data-lazy=\"1\">\n        <h2 class=\"fancy-heading tf_textc\">\n    <span class=\"main-head tf_block\">\n                    \u00bfQuieres que te llame?            <\/span>\n\n    \n    <span class=\"sub-head tf_block tf_rel\">\n                    Si lo prefieres, puedes dejar tus datos en el siguiente formulario y me pondr\u00e9 en contacto contigo para ayudarte            <\/span>\n    <\/h2>\n<\/div>\n<!-- \/module fancy heading -->\n<!-- module text -->\n<div  class=\"module module-text tb_xw8m116   \" data-lazy=\"1\">\n        <div  class=\"tb_text_wrap\">\n        <div class=\"wpforms-container wpforms-container-full wpforms-render-modern\" id=\"wpforms-156\"><form id=\"wpforms-form-156\" class=\"wpforms-validate wpforms-form wpforms-ajax-form\" data-formid=\"156\" method=\"post\" enctype=\"multipart\/form-data\" action=\"\/be\/wp-json\/wp\/v2\/pages\/54\" data-token=\"730d863017f400ba1c358198bd7e2188\" data-token-time=\"1776383085\"><noscript class=\"wpforms-error-noscript\">Schakel JavaScript in je browser in om dit formulier in te vullen.<\/noscript><div class=\"wpforms-hidden\" id=\"wpforms-error-noscript\">Schakel JavaScript in je browser in om dit formulier in te vullen.<\/div><div class=\"wpforms-field-container\"><div id=\"wpforms-156-field_1-container\" class=\"wpforms-field wpforms-field-name\" data-field-id=\"1\"><fieldset><legend class=\"wpforms-field-label\">Nombre y apellidos <span class=\"wpforms-required-label\" aria-hidden=\"true\">*<\/span><\/legend><div class=\"wpforms-field-row wpforms-field-large\"><div class=\"wpforms-field-row-block wpforms-first wpforms-one-half\"><input type=\"text\" id=\"wpforms-156-field_1\" class=\"wpforms-field-name-first wpforms-field-required\" name=\"wpforms[fields][1][first]\" aria-errormessage=\"wpforms-156-field_1-error\" required><label for=\"wpforms-156-field_1\" class=\"wpforms-field-sublabel after\">Voornaam<\/label><\/div><div class=\"wpforms-field-row-block wpforms-one-half\"><input type=\"text\" id=\"wpforms-156-field_1-last\" class=\"wpforms-field-name-last wpforms-field-required\" name=\"wpforms[fields][1][last]\" aria-errormessage=\"wpforms-156-field_1-last-error\" required><label for=\"wpforms-156-field_1-last\" class=\"wpforms-field-sublabel after\">Achternaam<\/label><\/div><\/div><\/fieldset><\/div><div id=\"wpforms-156-field_2-container\" class=\"wpforms-field wpforms-field-email\" data-field-id=\"2\"><label class=\"wpforms-field-label\" for=\"wpforms-156-field_2\">Correo electr\u00f3nico (opcional)<\/label><input type=\"email\" id=\"wpforms-156-field_2\" class=\"wpforms-field-large\" name=\"wpforms[fields][2]\" spellcheck=\"false\" aria-errormessage=\"wpforms-156-field_2-error\" aria-describedby=\"wpforms-156-field_2-description\" ><div id=\"wpforms-156-field_2-description\" class=\"wpforms-field-description\">Si indicas uno, se te podr\u00e1 enviar la informaci\u00f3n tambi\u00e9n por escrito si fuese necesario<\/div><\/div><div id=\"wpforms-156-field_7-container\" class=\"wpforms-field wpforms-field-phone\" data-field-id=\"7\"><label class=\"wpforms-field-label\" for=\"wpforms-156-field_7\">Tel\u00e9fono de contacto <span class=\"wpforms-required-label\" aria-hidden=\"true\">*<\/span><\/label><input type=\"tel\" id=\"wpforms-156-field_7\" class=\"wpforms-field-large wpforms-field-required wpforms-smart-phone-field\" data-rule-smart-phone-field=\"true\" name=\"wpforms[fields][7]\" aria-label=\"Tel\u00e9fono de contacto\" aria-errormessage=\"wpforms-156-field_7-error\" aria-describedby=\"wpforms-156-field_7-description\" required><div id=\"wpforms-156-field_7-description\" class=\"wpforms-field-description\">Necesario para poder contactarte<\/div><\/div><div id=\"wpforms-156-field_6-container\" class=\"wpforms-field wpforms-field-checkbox\" data-field-id=\"6\"><fieldset><legend class=\"wpforms-field-label wpforms-label-hide\" aria-hidden=\"false\">RGPD <span class=\"wpforms-required-label\" aria-hidden=\"true\">*<\/span><\/legend><ul id=\"wpforms-156-field_6\" class=\"wpforms-field-required\"><li class=\"choice-1 depth-1\"><input type=\"checkbox\" id=\"wpforms-156-field_6_1\" name=\"wpforms[fields][6][]\" value=\"Acepto el tratamiento de mis datos personales conforme a lo estipulado en la &lt;a target=&quot;_blank&quot; href=&quot;\/politica-privacidad\/&quot;&gt;Pol\u00edtica de privacidad&lt;\/a&gt; de este sitio Web y acepto que se me contacte a trav\u00e9s del tel\u00e9fono y\/o correo electr\u00f3nico indicados.\" aria-errormessage=\"wpforms-156-field_6_1-error\" required ><label class=\"wpforms-field-label-inline\" for=\"wpforms-156-field_6_1\">Acepto el tratamiento de mis datos personales conforme a lo estipulado en la <a target=\"_blank\" href=\"\/politica-privacidad\/\">Pol\u00edtica de privacidad<\/a> de este sitio Web y acepto que se me contacte a trav\u00e9s del tel\u00e9fono y\/o correo electr\u00f3nico indicados.<\/label><\/li><\/ul><\/fieldset><\/div><\/div><!-- .wpforms-field-container --><div class=\"wpforms-submit-container\" ><input type=\"hidden\" name=\"wpforms[id]\" value=\"156\"><input type=\"hidden\" name=\"page_title\" value=\"\"><input type=\"hidden\" name=\"page_url\" value=\"https:\/\/www.perezsala.com\/be\/wp-json\/wp\/v2\/pages\/54\"><input type=\"hidden\" name=\"url_referer\" value=\"\"><button type=\"submit\" name=\"wpforms[submit]\" id=\"wpforms-submit-156\" class=\"wpforms-submit\" data-alt-text=\"Enviando solicitud...\" data-submit-text=\"Solicitar contacto\" aria-live=\"assertive\" value=\"wpforms-submit\">Solicitar contacto<\/button><img loading=\"lazy\" decoding=\"async\" src=\"https:\/\/www.perezsala.com\/wp-content\/plugins\/wpforms\/assets\/images\/submit-spin.svg\" class=\"wpforms-submit-spinner\" style=\"display: none;\" width=\"26\" height=\"26\" alt=\"Aan het laden\"><\/div><\/form><\/div>  <!-- .wpforms-container -->    <\/div>\n<\/div>\n<!-- \/module text -->        <\/div>\n                    <div  data-lazy=\"1\" class=\"module_column tb-column col4-1 tb_hfgd727 last\">\n                            <\/div>\n                        <\/div>\n        <\/div>\n                        <div  data-css_id=\"dtgi721\" data-lazy=\"1\" class=\"module_row themify_builder_row fullwidth tb_dtgi721 tf_w\">\n                        <div class=\"row_inner col_align_top tb_col_count_1 tf_box tf_rel\">\n                        <div  data-lazy=\"1\" class=\"module_column tb-column col-full tb_l74y728 first\">\n                    <!-- module plain text -->\n<div  class=\"module module-plain-text tb_aruy808 \" data-lazy=\"1\">\n        <div class=\"tb_text_wrap\">\n    <iframe src=\"https:\/\/www.google.com\/maps\/embed?pb=!1m18!1m12!1m3!1d3144.9844374393338!2d-0.7915669228444908!3d37.977492500454815!2m3!1f0!2f0!3f0!3m2!1i1024!2i768!4f13.1!3m3!1m2!1s0xd63a78058b49f7d%3A0x84a64ead9d07999d!2sPl.%20Juan%20Carlos%20I%2C%208%2C%2003193%20San%20Miguel%20de%20Salinas%2C%20Alicante!5e0!3m2!1ses!2ses!4v1738054178876!5m2!1ses!2ses\" width=\"100%\" height=\"550\" style=\"border:0;\" allowfullscreen=\"\" loading=\"lazy\" referrerpolicy=\"no-referrer-when-downgrade\"><\/iframe>    <\/div>\n<\/div>\n<!-- \/module plain text -->        <\/div>\n                        <\/div>\n        <\/div>\n        <\/div>\n<!--\/themify_builder_content-->","protected":false},"excerpt":{"rendered":"<p>Neem contact met me op als je persoonlijke aandacht nodig hebt. Je kunt vrijblijvend informatie aanvragen of ik kan je zelfs bellen wanneer het jou het beste uitkomt om hulp te bieden.<\/p>","protected":false},"author":1,"featured_media":0,"parent":0,"menu_order":0,"comment_status":"closed","ping_status":"closed","template":"","meta":{"_joinchat":[],"footnotes":""},"class_list":["post-54","page","type-page","status-publish","hentry","has-post-title","has-post-date","has-post-category","has-post-tag","has-post-comment","has-post-author",""],"yoast_head":"<!-- This site is optimized with the Yoast SEO plugin v27.3 - https:\/\/yoast.com\/product\/yoast-seo-wordpress\/ -->\n<title>Contactar con M\u00aa \u00c1ngeles P\u00e9rez Sala | Finanzas y seguros<\/title>\n<meta name=\"description\" content=\"Somos tu agente Allianz de confianza en San Miguel de Salinas. Solicita contacto ahora sin compromiso y te llamaremos para asesorarte.\" \/>\n<meta name=\"robots\" content=\"index, follow, max-snippet:-1, max-image-preview:large, max-video-preview:-1\" \/>\n<link rel=\"canonical\" href=\"https:\/\/www.perezsala.com\/be\/contacto\/\" \/>\n<meta property=\"og:locale\" content=\"nl_BE\" \/>\n<meta property=\"og:type\" content=\"article\" \/>\n<meta property=\"og:title\" content=\"Contactar con M\u00aa \u00c1ngeles P\u00e9rez Sala | Finanzas y seguros\" \/>\n<meta property=\"og:description\" content=\"Somos tu agente Allianz de confianza en San Miguel de Salinas. Solicita contacto ahora sin compromiso y te llamaremos para asesorarte.\" \/>\n<meta property=\"og:url\" content=\"https:\/\/www.perezsala.com\/be\/contacto\/\" \/>\n<meta property=\"og:site_name\" content=\"Mar\u00eda \u00c1ngeles P\u00e9rez Sala\" \/>\n<meta property=\"article:modified_time\" content=\"2025-03-05T10:58:58+00:00\" \/>\n<meta name=\"twitter:card\" content=\"summary_large_image\" \/>\n<meta name=\"twitter:label1\" content=\"Geschatte leestijd\" \/>\n\t<meta name=\"twitter:data1\" content=\"1 minuut\" \/>\n<script type=\"application\/ld+json\" class=\"yoast-schema-graph\">{\"@context\":\"https:\\\/\\\/schema.org\",\"@graph\":[{\"@type\":\"WebPage\",\"@id\":\"https:\\\/\\\/www.perezsala.com\\\/contacto\\\/\",\"url\":\"https:\\\/\\\/www.perezsala.com\\\/contacto\\\/\",\"name\":\"Contactar con M\u00aa \u00c1ngeles P\u00e9rez Sala | Finanzas y seguros\",\"isPartOf\":{\"@id\":\"https:\\\/\\\/www.perezsala.com\\\/#website\"},\"datePublished\":\"2017-03-23T10:37:39+00:00\",\"dateModified\":\"2025-03-05T10:58:58+00:00\",\"description\":\"Somos tu agente Allianz de confianza en San Miguel de Salinas. Solicita contacto ahora sin compromiso y te llamaremos para asesorarte.\",\"breadcrumb\":{\"@id\":\"https:\\\/\\\/www.perezsala.com\\\/contacto\\\/#breadcrumb\"},\"inLanguage\":\"nl-BE\",\"potentialAction\":[{\"@type\":\"ReadAction\",\"target\":[\"https:\\\/\\\/www.perezsala.com\\\/contacto\\\/\"]}]},{\"@type\":\"BreadcrumbList\",\"@id\":\"https:\\\/\\\/www.perezsala.com\\\/contacto\\\/#breadcrumb\",\"itemListElement\":[{\"@type\":\"ListItem\",\"position\":1,\"name\":\"Portada\",\"item\":\"https:\\\/\\\/www.perezsala.com\\\/\"},{\"@type\":\"ListItem\",\"position\":2,\"name\":\"Contacto\"}]},{\"@type\":\"WebSite\",\"@id\":\"https:\\\/\\\/www.perezsala.com\\\/#website\",\"url\":\"https:\\\/\\\/www.perezsala.com\\\/\",\"name\":\"Mar\u00eda \u00c1ngeles P\u00e9rez Sala\",\"description\":\"Allianz Seguros\",\"potentialAction\":[{\"@type\":\"SearchAction\",\"target\":{\"@type\":\"EntryPoint\",\"urlTemplate\":\"https:\\\/\\\/www.perezsala.com\\\/?s={search_term_string}\"},\"query-input\":{\"@type\":\"PropertyValueSpecification\",\"valueRequired\":true,\"valueName\":\"search_term_string\"}}],\"inLanguage\":\"nl-BE\"}]}<\/script>\n<!-- \/ Yoast SEO plugin. -->","yoast_head_json":{"title":"Contact met M\u00aa \u00c1ngeles P\u00e9rez Sala : Financi\u00ebn en verzekeringen","description":"Wij zijn uw vertrouwde Allianz agent in San Miguel de Salinas. Neem nu vrijblijvend contact met ons op en wij bellen u om u te adviseren.","robots":{"index":"index","follow":"follow","max-snippet":"max-snippet:-1","max-image-preview":"max-image-preview:large","max-video-preview":"max-video-preview:-1"},"canonical":"https:\/\/www.perezsala.com\/be\/contacto\/","og_locale":"nl_BE","og_type":"article","og_title":"Contactar con M\u00aa \u00c1ngeles P\u00e9rez Sala | Finanzas y seguros","og_description":"Somos tu agente Allianz de confianza en San Miguel de Salinas. Solicita contacto ahora sin compromiso y te llamaremos para asesorarte.","og_url":"https:\/\/www.perezsala.com\/be\/contacto\/","og_site_name":"Mar\u00eda \u00c1ngeles P\u00e9rez Sala","article_modified_time":"2025-03-05T10:58:58+00:00","twitter_card":"summary_large_image","twitter_misc":{"Geschatte leestijd":"1 minuut"},"schema":{"@context":"https:\/\/schema.org","@graph":[{"@type":"WebPage","@id":"https:\/\/www.perezsala.com\/contacto\/","url":"https:\/\/www.perezsala.com\/contacto\/","name":"Contact met M\u00aa \u00c1ngeles P\u00e9rez Sala : Financi\u00ebn en verzekeringen","isPartOf":{"@id":"https:\/\/www.perezsala.com\/#website"},"datePublished":"2017-03-23T10:37:39+00:00","dateModified":"2025-03-05T10:58:58+00:00","description":"Wij zijn uw vertrouwde Allianz agent in San Miguel de Salinas. Neem nu vrijblijvend contact met ons op en wij bellen u om u te adviseren.","breadcrumb":{"@id":"https:\/\/www.perezsala.com\/contacto\/#breadcrumb"},"inLanguage":"nl-BE","potentialAction":[{"@type":"ReadAction","target":["https:\/\/www.perezsala.com\/contacto\/"]}]},{"@type":"BreadcrumbList","@id":"https:\/\/www.perezsala.com\/contacto\/#breadcrumb","itemListElement":[{"@type":"ListItem","position":1,"name":"Portada","item":"https:\/\/www.perezsala.com\/"},{"@type":"ListItem","position":2,"name":"Contacto"}]},{"@type":"WebSite","@id":"https:\/\/www.perezsala.com\/#website","url":"https:\/\/www.perezsala.com\/","name":"Mar\u00eda \u00c1ngeles P\u00e9rez Sala","description":"Allianz Verzekeringen","potentialAction":[{"@type":"SearchAction","target":{"@type":"EntryPoint","urlTemplate":"https:\/\/www.perezsala.com\/?s={search_term_string}"},"query-input":{"@type":"PropertyValueSpecification","valueRequired":true,"valueName":"search_term_string"}}],"inLanguage":"nl-BE"}]}},"builder_content":"<h1>\u00bfNecesitas atenci\u00f3n personalizada?<br\/>Contacta con Mar\u00eda \u00c1ngeles P\u00e9rez Sala<\/h1>\n<p>Ponte en contacto conmigo si necesitas atenci\u00f3n personalizada. Puedes solicitar informaci\u00f3n sin compromiso o incluso puedo llamarte yo cuando mejor te venga para ofrecerte asistencia.<\/p>\n<em><svg aria-hidden=\"true\"><use href=\"#tf-fas-phone\"><\/use><\/svg><\/em>\n<p>(+34) 965 720 973<\/p> <p>(+34)\u00a0635 999 290 <\/p>\n<em><svg aria-hidden=\"true\"><use href=\"#tf-far-map-marker\"><\/use><\/svg><\/em>\n<p>Plaza Juan Carlos I n\u00ba8. Bajo<br>03193. San Miguel de Salinas (Alicante).<\/p>\n<a href=\"https:\/\/www.google.es\/maps\/dir\/\/Allianz+Seguros+-+Agente+Maria+Angeles+Perez+Sala,+Pl.+Juan+Carlos+I,+8,+03193+San+Miguel+de+Salinas,+Alicante\/@37.9774925,-0.7915669,17z\/data=!4m17!1m7!3m6!1s0xd63a780ff3a9055:0x493133f2cd4c4231!2sAllianz+Seguros+-+Agente+Maria+Angeles+Perez+Sala!8m2!3d37.9774883!4d-0.788992!16s%2Fg%2F11c0w0lzxc!4m8!1m0!1m5!1m1!1s0xd63a780ff3a9055:0x493133f2cd4c4231!2m2!1d-0.788992!2d37.9774883!3e2?hl=es&#038;entry=ttu&#038;g_ep=EgoyMDI1MDEyNi4wIKXMDSoASAFQAw%3D%3D\" target=\"_blank\" rel=\"noopener\"> <em><svg aria-hidden=\"true\"><use href=\"#tf-ti-location-pin\"><\/use><\/svg><\/em> \u00bfC\u00f3mo llegar? <\/a>\n<em><svg aria-hidden=\"true\"><use href=\"#tf-far-envelope-o\"><\/use><\/svg><\/em>\n<p>hola@perezsala.com<\/p>\n<h2>\u00bfQuieres que te llame?<br\/>Si lo prefieres, puedes dejar tus datos en el siguiente formulario y me pondr\u00e9 en contacto contigo para ayudarte<\/h2>\n<p>[wpforms id=\"156\" title=\"false\"]<\/p>\n<iframe src=\"https:\/\/www.google.com\/maps\/embed?pb=!1m18!1m12!1m3!1d3144.9844374393338!2d-0.7915669228444908!3d37.977492500454815!2m3!1f0!2f0!3f0!3m2!1i1024!2i768!4f13.1!3m3!1m2!1s0xd63a78058b49f7d%3A0x84a64ead9d07999d!2sPl.%20Juan%20Carlos%20I%2C%208%2C%2003193%20San%20Miguel%20de%20Salinas%2C%20Alicante!5e0!3m2!1ses!2ses!4v1738054178876!5m2!1ses!2ses\" width=\"100%\" height=\"550\" style=\"border:0;\" allowfullscreen=\"\" loading=\"lazy\" referrerpolicy=\"no-referrer-when-downgrade\"><\/iframe>","_links":{"self":[{"href":"https:\/\/www.perezsala.com\/be\/wp-json\/wp\/v2\/pages\/54","targetHints":{"allow":["GET"]}}],"collection":[{"href":"https:\/\/www.perezsala.com\/be\/wp-json\/wp\/v2\/pages"}],"about":[{"href":"https:\/\/www.perezsala.com\/be\/wp-json\/wp\/v2\/types\/page"}],"author":[{"embeddable":true,"href":"https:\/\/www.perezsala.com\/be\/wp-json\/wp\/v2\/users\/1"}],"replies":[{"embeddable":true,"href":"https:\/\/www.perezsala.com\/be\/wp-json\/wp\/v2\/comments?post=54"}],"version-history":[{"count":23,"href":"https:\/\/www.perezsala.com\/be\/wp-json\/wp\/v2\/pages\/54\/revisions"}],"predecessor-version":[{"id":577,"href":"https:\/\/www.perezsala.com\/be\/wp-json\/wp\/v2\/pages\/54\/revisions\/577"}],"wp:attachment":[{"href":"https:\/\/www.perezsala.com\/be\/wp-json\/wp\/v2\/media?parent=54"}],"curies":[{"name":"wp","href":"https:\/\/api.w.org\/{rel}","templated":true}]}}